{"id":56,"date":"2025-10-30T13:53:04","date_gmt":"2025-10-30T13:53:04","guid":{"rendered":"https:\/\/lespecheurspasseursduleman.fr\/?page_id=56"},"modified":"2025-11-12T05:27:39","modified_gmt":"2025-11-12T05:27:39","slug":"56-2","status":"publish","type":"page","link":"https:\/\/lespecheurspasseursduleman.fr\/","title":{"rendered":""},"content":{"rendered":"\n<p class=\"has-large-font-size\"><strong>La Haute-Savoie\u00a0 pendant la Seconde Guerre mondiale<\/strong><\/p>\n\n\n\n<p class=\"texte-justifie\">En 1940, lors de l\u2019Armistice, le d\u00e9partement est en \u00abzone&nbsp; libre \u00bb jusqu\u2019en Novembre 1942. La Haute-Savoie est alors administr\u00e9e par les autorit\u00e9s de Vichy. L\u2019arm\u00e9e italienne a ensuite occup\u00e9 le d\u00e9partement avant d\u2019\u00eatre remplac\u00e9e par l\u2019arm\u00e9e allemande de septembre 1943 \u00e0 ao\u00fbt 1944.<\/p>\n\n\n\n<p>La fa\u00e7ade l\u00e9manique, seule \u00ab fen\u00eatre \u00bb ouverte de la France sur un pays neutre, la Suisse, va donc jouer un r\u00f4le strat\u00e9gique essentiel.<\/p>\n\n\n\n<p class=\"texte-justifie\">La population juive directement menac\u00e9e par la g\u00e9n\u00e9ralisation des rafles de l\u2019\u00e9t\u00e9 1942 a cherch\u00e9 les moyens d\u2019\u00e9chapper \u00e0 l\u2019internement et \u00e0 la d\u00e9portation. Des r\u00e9fugi\u00e9s de toute la France affluent \u00e0 Thonon-Les-Bains, ville-\u00e9tape avant de gagner clandestinement la Suisse en traversant le lac ou par la fronti\u00e8re terrestre.La Haute-Savoie&nbsp; pendant la Seconde Guerre mondiale<\/p>\n\n\n\n<p><\/p>\n\n\n\n<p><\/p>\n","protected":false},"excerpt":{"rendered":"<p>La Haute-Savoie\u00a0 pendant la Seconde Guerre mondiale En 1940, lors de l\u2019Armistice, le d\u00e9partement est en \u00abzone&nbsp; libre \u00bb jusqu\u2019en Novembre 1942. La Haute-Savoie est &hellip; <\/p>\n","protected":false},"author":1,"featured_media":0,"parent":0,"menu_order":0,"comment_status":"closed","ping_status":"closed","template":"","meta":{"footnotes":""},"class_list":["post-56","page","type-page","status-publish","hentry"],"_links":{"self":[{"href":"https:\/\/lespecheurspasseursduleman.fr\/index.php\/wp-json\/wp\/v2\/pages\/56","targetHints":{"allow":["GET"]}}],"collection":[{"href":"https:\/\/lespecheurspasseursduleman.fr\/index.php\/wp-json\/wp\/v2\/pages"}],"about":[{"href":"https:\/\/lespecheurspasseursduleman.fr\/index.php\/wp-json\/wp\/v2\/types\/page"}],"author":[{"embeddable":true,"href":"https:\/\/lespecheurspasseursduleman.fr\/index.php\/wp-json\/wp\/v2\/users\/1"}],"replies":[{"embeddable":true,"href":"https:\/\/lespecheurspasseursduleman.fr\/index.php\/wp-json\/wp\/v2\/comments?post=56"}],"version-history":[{"count":11,"href":"https:\/\/lespecheurspasseursduleman.fr\/index.php\/wp-json\/wp\/v2\/pages\/56\/revisions"}],"predecessor-version":[{"id":404,"href":"https:\/\/lespecheurspasseursduleman.fr\/index.php\/wp-json\/wp\/v2\/pages\/56\/revisions\/404"}],"wp:attachment":[{"href":"https:\/\/lespecheurspasseursduleman.fr\/index.php\/wp-json\/wp\/v2\/media?parent=56"}],"curies":[{"name":"wp","href":"https:\/\/api.w.org\/{rel}","templated":true}]}}