{"id":433,"date":"2025-11-12T06:29:36","date_gmt":"2025-11-12T06:29:36","guid":{"rendered":"https:\/\/lespecheurspasseursduleman.fr\/?page_id=433"},"modified":"2026-01-22T15:17:24","modified_gmt":"2026-01-22T15:17:24","slug":"conference-du","status":"publish","type":"page","link":"https:\/\/lespecheurspasseursduleman.fr\/index.php\/conference-du\/","title":{"rendered":"Conf\u00e9rence du 3 octobre 2025 \u00e0 Thonon-les-Bains (Auditorium de la Visitation)"},"content":{"rendered":"\n<figure class=\"wp-block-image size-large\"><img loading=\"lazy\" decoding=\"async\" width=\"1024\" height=\"472\" src=\"http:\/\/lespecheurspasseursduleman.fr\/wp-content\/uploads\/2025\/11\/conference-1024x472.jpg\" alt=\"\" class=\"wp-image-436\" srcset=\"https:\/\/lespecheurspasseursduleman.fr\/wp-content\/uploads\/2025\/11\/conference-1024x472.jpg 1024w, https:\/\/lespecheurspasseursduleman.fr\/wp-content\/uploads\/2025\/11\/conference-300x138.jpg 300w, https:\/\/lespecheurspasseursduleman.fr\/wp-content\/uploads\/2025\/11\/conference-768x354.jpg 768w, https:\/\/lespecheurspasseursduleman.fr\/wp-content\/uploads\/2025\/11\/conference-1536x707.jpg 1536w, https:\/\/lespecheurspasseursduleman.fr\/wp-content\/uploads\/2025\/11\/conference-2048x943.jpg 2048w\" sizes=\"auto, (max-width: 1024px) 100vw, 1024px\" \/><figcaption class=\"wp-element-caption\"><strong>\u00ab\u00a0Les p\u00eacheurs-passeurs du L\u00e9man\u00a0\u00bb &#8211; Conf\u00e9rence du 3 octobre 2025 &#8211; L&rsquo;assistance<\/strong><\/figcaption><\/figure>\n\n\n\n<figure class=\"wp-block-image size-large\"><img loading=\"lazy\" decoding=\"async\" width=\"1024\" height=\"768\" src=\"http:\/\/lespecheurspasseursduleman.fr\/wp-content\/uploads\/2025\/11\/IMG_6268-1024x768.jpeg\" alt=\"\" class=\"wp-image-437\" srcset=\"https:\/\/lespecheurspasseursduleman.fr\/wp-content\/uploads\/2025\/11\/IMG_6268-1024x768.jpeg 1024w, https:\/\/lespecheurspasseursduleman.fr\/wp-content\/uploads\/2025\/11\/IMG_6268-300x225.jpeg 300w, https:\/\/lespecheurspasseursduleman.fr\/wp-content\/uploads\/2025\/11\/IMG_6268-768x576.jpeg 768w, https:\/\/lespecheurspasseursduleman.fr\/wp-content\/uploads\/2025\/11\/IMG_6268.jpeg 1280w\" sizes=\"auto, (max-width: 1024px) 100vw, 1024px\" \/><figcaption class=\"wp-element-caption\"><strong>\u00ab\u00a0Les p\u00eacheurs-passeurs du L\u00e9man\u00a0\u00bb &#8211; Conf\u00e9rence du 3 octobre 2025 &#8211; les pr\u00e9sentateurs<br>Marie-Claude NABET, G\u00e9rard CAPON, Pierre GUEDU, Jean-Paul LUGRIN, Ruth FIVAZ-SILBERMANN<\/strong><\/figcaption><\/figure>\n\n\n\n<figure class=\"wp-block-image size-large\"><img loading=\"lazy\" decoding=\"async\" width=\"1024\" height=\"472\" src=\"http:\/\/lespecheurspasseursduleman.fr\/wp-content\/uploads\/2025\/11\/IMG_20251003_213713-1024x472.jpg\" alt=\"\" class=\"wp-image-438\" srcset=\"https:\/\/lespecheurspasseursduleman.fr\/wp-content\/uploads\/2025\/11\/IMG_20251003_213713-1024x472.jpg 1024w, https:\/\/lespecheurspasseursduleman.fr\/wp-content\/uploads\/2025\/11\/IMG_20251003_213713-300x138.jpg 300w, https:\/\/lespecheurspasseursduleman.fr\/wp-content\/uploads\/2025\/11\/IMG_20251003_213713-768x354.jpg 768w, https:\/\/lespecheurspasseursduleman.fr\/wp-content\/uploads\/2025\/11\/IMG_20251003_213713-1536x707.jpg 1536w, https:\/\/lespecheurspasseursduleman.fr\/wp-content\/uploads\/2025\/11\/IMG_20251003_213713-2048x943.jpg 2048w\" sizes=\"auto, (max-width: 1024px) 100vw, 1024px\" \/><figcaption class=\"wp-element-caption\"><strong>\u00ab\u00a0Les p\u00eacheurs-passeurs du L\u00e9man\u00a0\u00bb &#8211; Conf\u00e9rence du 3 octobre 2025  &#8211; Intervention d&rsquo;Emmanuelle WOLFF,<br>petite fille de Mendel KOLLENDER dont la famille fut pass\u00e9e par les fr\u00e8res SERVOZ, p\u00eacheurs \u00e0 LUGRIN<\/strong><\/figcaption><\/figure>\n\n\n\n<figure class=\"wp-block-image size-large\"><img loading=\"lazy\" decoding=\"async\" width=\"1024\" height=\"472\" src=\"http:\/\/lespecheurspasseursduleman.fr\/wp-content\/uploads\/2025\/11\/IMG_20251003_213816-1024x472.jpg\" alt=\"\" class=\"wp-image-439\" srcset=\"https:\/\/lespecheurspasseursduleman.fr\/wp-content\/uploads\/2025\/11\/IMG_20251003_213816-1024x472.jpg 1024w, https:\/\/lespecheurspasseursduleman.fr\/wp-content\/uploads\/2025\/11\/IMG_20251003_213816-300x138.jpg 300w, https:\/\/lespecheurspasseursduleman.fr\/wp-content\/uploads\/2025\/11\/IMG_20251003_213816-768x354.jpg 768w, https:\/\/lespecheurspasseursduleman.fr\/wp-content\/uploads\/2025\/11\/IMG_20251003_213816-1536x707.jpg 1536w, https:\/\/lespecheurspasseursduleman.fr\/wp-content\/uploads\/2025\/11\/IMG_20251003_213816-2048x943.jpg 2048w\" sizes=\"auto, (max-width: 1024px) 100vw, 1024px\" \/><figcaption class=\"wp-element-caption\"><strong>\u00ab\u00a0Les p\u00eacheurs-passeurs du L\u00e9man\u00a0\u00bb &#8211; Conf\u00e9rence du 3 octobre 2025 &#8211; Intervention de Raymond SERVOZ, fil<\/strong>s <strong>de p\u00eacheur-passeur<\/strong><\/figcaption><\/figure>\n\n\n\n<p><\/p>\n","protected":false},"excerpt":{"rendered":"","protected":false},"author":2,"featured_media":0,"parent":0,"menu_order":0,"comment_status":"closed","ping_status":"closed","template":"","meta":{"footnotes":""},"class_list":["post-433","page","type-page","status-publish","hentry"],"_links":{"self":[{"href":"https:\/\/lespecheurspasseursduleman.fr\/index.php\/wp-json\/wp\/v2\/pages\/433","targetHints":{"allow":["GET"]}}],"collection":[{"href":"https:\/\/lespecheurspasseursduleman.fr\/index.php\/wp-json\/wp\/v2\/pages"}],"about":[{"href":"https:\/\/lespecheurspasseursduleman.fr\/index.php\/wp-json\/wp\/v2\/types\/page"}],"author":[{"embeddable":true,"href":"https:\/\/lespecheurspasseursduleman.fr\/index.php\/wp-json\/wp\/v2\/users\/2"}],"replies":[{"embeddable":true,"href":"https:\/\/lespecheurspasseursduleman.fr\/index.php\/wp-json\/wp\/v2\/comments?post=433"}],"version-history":[{"count":20,"href":"https:\/\/lespecheurspasseursduleman.fr\/index.php\/wp-json\/wp\/v2\/pages\/433\/revisions"}],"predecessor-version":[{"id":715,"href":"https:\/\/lespecheurspasseursduleman.fr\/index.php\/wp-json\/wp\/v2\/pages\/433\/revisions\/715"}],"wp:attachment":[{"href":"https:\/\/lespecheurspasseursduleman.fr\/index.php\/wp-json\/wp\/v2\/media?parent=433"}],"curies":[{"name":"wp","href":"https:\/\/api.w.org\/{rel}","templated":true}]}}