{"id":285,"date":"2025-11-01T18:34:22","date_gmt":"2025-11-01T18:34:22","guid":{"rendered":"https:\/\/lespecheurspasseursduleman.fr\/?page_id=285"},"modified":"2026-02-12T20:21:32","modified_gmt":"2026-02-12T20:21:32","slug":"un-passage-dramatique","status":"publish","type":"page","link":"https:\/\/lespecheurspasseursduleman.fr\/index.php\/un-passage-dramatique\/","title":{"rendered":"Un passage dramatique"},"content":{"rendered":"\n<div class=\"wp-block-columns is-layout-flex wp-container-core-columns-is-layout-9d6595d7 wp-block-columns-is-layout-flex\">\n<div class=\"wp-block-column is-layout-flow wp-block-column-is-layout-flow\" style=\"flex-basis:35%\">\n<p class=\"has-medium-font-size\">Extrait de \u00ab La fuite en Suisse \u00bb&nbsp; de Ruth FIVAZ-SILBERMANN<\/p>\n\n\n\n<p>Le 11 septembre 1942, peu avant minuit, un garde-fronti\u00e8re suisse du poste de Rolle charg\u00e9 d\u2019un \u00ab barrage \u00bb dans la r\u00e9gion de la pe\u0302cherie d\u2019Allaman tire sur un pe\u0302cheur fran\u00e7ais en train d\u2019aborder avec des fugitifs et le tue net. Le rapport du commandant du Ve arrondissement des Douanes suisses rapporte ainsi le geste de son subordonn\u00e9 : \u00ab usage de l\u2019arme ayant entrai\u0302n\u00e9 la mort d\u2019un d\u00e9linquant \u00bb .<\/p>\n\n\n\n<p>Le douanier \u00e9tait embusqu\u00e9 sur la rive. Lorsque les premiers fugitifs \u2013 quatre juifs belges et hollandais \u2013 ont d\u00e9barqu\u00e9, il aurait fait les sommations d\u2019usage, mais se serait m\u00e9pris sur le geste du jeune p\u00eacheur, lequel aurait brandi sa rame, non pour menacer ou frapper le douanier, mais pour repousser sa barque au large.<\/p>\n<\/div>\n\n\n\n<div class=\"wp-block-column is-layout-flow wp-block-column-is-layout-flow\">\n<figure data-wp-context=\"{&quot;imageId&quot;:&quot;69dc190c908bc&quot;}\" data-wp-interactive=\"core\/image\" data-wp-key=\"69dc190c908bc\" class=\"wp-block-image size-large wp-lightbox-container\"><img loading=\"lazy\" decoding=\"async\" width=\"684\" height=\"1024\" data-wp-class--hide=\"state.isContentHidden\" data-wp-class--show=\"state.isContentVisible\" data-wp-init=\"callbacks.setButtonStyles\" data-wp-on--click=\"actions.showLightbox\" data-wp-on--load=\"callbacks.setButtonStyles\" data-wp-on-window--resize=\"callbacks.setButtonStyles\" src=\"http:\/\/lespecheurspasseursduleman.fr\/wp-content\/uploads\/2025\/10\/p5-image4-noel-moille-684x1024.jpg\" alt=\"\" class=\"wp-image-27\" srcset=\"https:\/\/lespecheurspasseursduleman.fr\/wp-content\/uploads\/2025\/10\/p5-image4-noel-moille-684x1024.jpg 684w, https:\/\/lespecheurspasseursduleman.fr\/wp-content\/uploads\/2025\/10\/p5-image4-noel-moille-200x300.jpg 200w, https:\/\/lespecheurspasseursduleman.fr\/wp-content\/uploads\/2025\/10\/p5-image4-noel-moille-768x1150.jpg 768w, https:\/\/lespecheurspasseursduleman.fr\/wp-content\/uploads\/2025\/10\/p5-image4-noel-moille.jpg 778w\" sizes=\"auto, (max-width: 684px) 100vw, 684px\" \/><button\n\t\t\tclass=\"lightbox-trigger\"\n\t\t\ttype=\"button\"\n\t\t\taria-haspopup=\"dialog\"\n\t\t\taria-label=\"Agrandir\"\n\t\t\tdata-wp-init=\"callbacks.initTriggerButton\"\n\t\t\tdata-wp-on--click=\"actions.showLightbox\"\n\t\t\tdata-wp-style--right=\"state.imageButtonRight\"\n\t\t\tdata-wp-style--top=\"state.imageButtonTop\"\n\t\t>\n\t\t\t<svg xmlns=\"http:\/\/www.w3.org\/2000\/svg\" width=\"12\" height=\"12\" fill=\"none\" viewBox=\"0 0 12 12\">\n\t\t\t\t<path fill=\"#fff\" d=\"M2 0a2 2 0 0 0-2 2v2h1.5V2a.5.5 0 0 1 .5-.5h2V0H2Zm2 10.5H2a.5.5 0 0 1-.5-.5V8H0v2a2 2 0 0 0 2 2h2v-1.5ZM8 12v-1.5h2a.5.5 0 0 0 .5-.5V8H12v2a2 2 0 0 1-2 2H8Zm2-12a2 2 0 0 1 2 2v2h-1.5V2a.5.5 0 0 0-.5-.5H8V0h2Z\" \/>\n\t\t\t<\/svg>\n\t\t<\/button><\/figure>\n<\/div>\n\n\n\n<div class=\"wp-block-column is-layout-flow wp-block-column-is-layout-flow\" style=\"flex-basis:35%\">\n<p> Geste brutal ind\u00e9fendable ou l\u00e9gitime d\u00e9fense ?Quoi qu\u2019il en soit, L\u00e9on Moille, 17 ans et demi, a re\u00e7u une balle de mousqueton dans la te\u0302te et est mort sur le champ. Son oncle Noe\u0308l Moille, pe\u0302cheur professionnel \u00e0 Thonon et organisateur du passage, a du\u0302 apr\u00e8s l\u2019incident subir des pressions de la part des autorit\u00e9s suisses, puisqu\u2019il d\u00e9crit son neveu comme un contrebandier r\u00e9cidiviste, ayant eu une attitude \u00ab insens\u00e9e \u00bb.On frise l\u2019incident diplomatique entre la France et la Suisse, mais le pr\u00e9fet estime qu\u2019il n\u2019est \u00abpas indiqu\u00e9 de cr\u00e9er, \u00e0 propos de ce regrettable incident local, un incident diplomatique avec un pays auquel nous devons une immense reconnaissance. [\u2026] Le douanier suisse aurait \u00e9t\u00e9 bien inspir\u00e9 en s\u2019abstenant d\u2019intervenir aussi brutalement, mais il n\u2019a fait, en la circonstance, qu\u2019ex\u00e9cuter les consignes qui lui ont \u00e9t\u00e9 donn\u00e9es\u00bb.<\/p>\n<\/div>\n<\/div>\n\n\n\n<div style=\"height:15px\" aria-hidden=\"true\" class=\"wp-block-spacer\"><\/div>\n\n\n\n<h1 class=\"wp-block-heading\" style=\"font-size:28px\">Un refus d\u2019asile\u00a0implacable des autorit\u00e9s suisses suivi de la mort \u00e0 Auschwitz<\/h1>\n\n\n\n<p>Hildegard, \u00abHia\u00bb pour sa famille, 37 ans, juive allemande, docteure \u00e8s lettres, a quitt\u00e9 tard son domicile (assign\u00e9) d\u2019Antibes pour tenter la fuite en Suisse. Passag\u00e8re d\u2019une barque achet\u00e9e \u00e0 un p\u00eacheur d\u2019Evian le 4 octobre, elle est arr\u00eat\u00e9e au d\u00e9barquement, refoul\u00e9e car n\u2019entrant pas dans les \u00abcat\u00e9gories\u00bb admissibles, intern\u00e9e \u00e0 Rivesaltes, transf\u00e9r\u00e9e \u00e0 Drancy et d\u00e9port\u00e9e \u00e0 Auschwitz, o\u00f9 elle est assassin\u00e9e.<\/p>\n\n\n\n<p>Dans le train qui l\u2019emm\u00e8ne le 6 octobre 1942, sans doute menott\u00e9e, au camp de Rivesaltes, elle \u00e9crit un dernier billet \u00e0 sa s\u0153ur Marie, sa seule famille, qui a r\u00e9ussi \u00e0 \u00e9migrer aux USA en 1938 avec son mari et ses enfants.<\/p>\n\n\n\n<div class=\"wp-block-columns is-layout-flex wp-container-core-columns-is-layout-9d6595d7 wp-block-columns-is-layout-flex\">\n<div class=\"wp-block-column is-layout-flow wp-block-column-is-layout-flow\">\n<figure class=\"wp-block-image is-resized\"><img loading=\"lazy\" decoding=\"async\" width=\"655\" height=\"922\" src=\"http:\/\/lespecheurspasseursduleman.fr\/wp-content\/uploads\/2025\/10\/p3-image4-landau1.jpg\" alt=\"\" class=\"wp-image-24\" style=\"width:284px;height:auto\" srcset=\"https:\/\/lespecheurspasseursduleman.fr\/wp-content\/uploads\/2025\/10\/p3-image4-landau1.jpg 655w, https:\/\/lespecheurspasseursduleman.fr\/wp-content\/uploads\/2025\/10\/p3-image4-landau1-213x300.jpg 213w\" sizes=\"auto, (max-width: 655px) 100vw, 655px\" \/><\/figure>\n<\/div>\n\n\n\n<div class=\"wp-block-column is-layout-flow wp-block-column-is-layout-flow\">\n<figure class=\"wp-block-image is-resized\"><img loading=\"lazy\" decoding=\"async\" width=\"1024\" height=\"822\" src=\"https:\/\/lespecheurspasseursduleman.fr\/wp-content\/uploads\/2025\/11\/AP-page3-doc2-1024x822.jpg\" alt=\"\" class=\"wp-image-509\" style=\"aspect-ratio:1.2457285754372882;width:451px;height:auto\" srcset=\"https:\/\/lespecheurspasseursduleman.fr\/wp-content\/uploads\/2025\/11\/AP-page3-doc2-1024x822.jpg 1024w, https:\/\/lespecheurspasseursduleman.fr\/wp-content\/uploads\/2025\/11\/AP-page3-doc2-300x241.jpg 300w, https:\/\/lespecheurspasseursduleman.fr\/wp-content\/uploads\/2025\/11\/AP-page3-doc2-768x616.jpg 768w, https:\/\/lespecheurspasseursduleman.fr\/wp-content\/uploads\/2025\/11\/AP-page3-doc2-1536x1232.jpg 1536w, https:\/\/lespecheurspasseursduleman.fr\/wp-content\/uploads\/2025\/11\/AP-page3-doc2-2048x1643.jpg 2048w\" sizes=\"auto, (max-width: 1024px) 100vw, 1024px\" \/><\/figure>\n\n\n\n<p><em>Ma soeur ch\u00e9rie,<\/em><br><em>dans le moment le plus dur de ma vie, je te dis, que je t\u2019aime plus que tout au monde, que tout ce que j\u2019ai fait, je l\u2019ai fait pour te revoir et que j\u2019essaierai de vivre pour toi. C\u2019est de penser \u00e0 toi qui me donnera ce courage \u00e0 supporter les mois, les ann\u00e9es \u00e0 venir.<\/em><\/p>\n<\/div>\n<\/div>\n\n\n\n<p><em>\u00ab<\/em><em>\u00bb<\/em><\/p>\n","protected":false},"excerpt":{"rendered":"<p>Extrait de \u00ab La fuite en Suisse \u00bb&nbsp; de Ruth FIVAZ-SILBERMANN Le 11 septembre 1942, peu avant minuit, un garde-fronti\u00e8re suisse du poste de Rolle &hellip; <\/p>\n","protected":false},"author":2,"featured_media":0,"parent":0,"menu_order":0,"comment_status":"closed","ping_status":"closed","template":"","meta":{"footnotes":""},"class_list":["post-285","page","type-page","status-publish","hentry"],"_links":{"self":[{"href":"https:\/\/lespecheurspasseursduleman.fr\/index.php\/wp-json\/wp\/v2\/pages\/285","targetHints":{"allow":["GET"]}}],"collection":[{"href":"https:\/\/lespecheurspasseursduleman.fr\/index.php\/wp-json\/wp\/v2\/pages"}],"about":[{"href":"https:\/\/lespecheurspasseursduleman.fr\/index.php\/wp-json\/wp\/v2\/types\/page"}],"author":[{"embeddable":true,"href":"https:\/\/lespecheurspasseursduleman.fr\/index.php\/wp-json\/wp\/v2\/users\/2"}],"replies":[{"embeddable":true,"href":"https:\/\/lespecheurspasseursduleman.fr\/index.php\/wp-json\/wp\/v2\/comments?post=285"}],"version-history":[{"count":13,"href":"https:\/\/lespecheurspasseursduleman.fr\/index.php\/wp-json\/wp\/v2\/pages\/285\/revisions"}],"predecessor-version":[{"id":770,"href":"https:\/\/lespecheurspasseursduleman.fr\/index.php\/wp-json\/wp\/v2\/pages\/285\/revisions\/770"}],"wp:attachment":[{"href":"https:\/\/lespecheurspasseursduleman.fr\/index.php\/wp-json\/wp\/v2\/media?parent=285"}],"curies":[{"name":"wp","href":"https:\/\/api.w.org\/{rel}","templated":true}]}}