{"id":209,"date":"2025-11-01T10:53:19","date_gmt":"2025-11-01T10:53:19","guid":{"rendered":"https:\/\/lespecheurspasseursduleman.fr\/?page_id=209"},"modified":"2025-12-18T16:02:37","modified_gmt":"2025-12-18T16:02:37","slug":"le-passage-de-pierre-mendes-france","status":"publish","type":"page","link":"https:\/\/lespecheurspasseursduleman.fr\/index.php\/le-passage-de-pierre-mendes-france\/","title":{"rendered":"Le passage de Pierre MENDES FRANCE"},"content":{"rendered":"\n<div class=\"wp-block-columns is-layout-flex wp-container-core-columns-is-layout-9d6595d7 wp-block-columns-is-layout-flex\">\n<div class=\"wp-block-column is-layout-flow wp-block-column-is-layout-flow\">\n<div class=\"wp-block-columns is-layout-flex wp-container-core-columns-is-layout-9d6595d7 wp-block-columns-is-layout-flex\">\n<div class=\"wp-block-column is-layout-flow wp-block-column-is-layout-flow\" style=\"flex-basis:80%\">\n<p><\/p>\n\n\n\n<p>Pierre MENDES-FRANCE est un des grands hommes politiques fran\u00e7ais du XX\u00e8me si\u00e8cle.<\/p>\n\n\n\n<p>Il est sous-secr\u00e9taire d\u2019\u00e9tat au Tr\u00e9sor au moment du Front populaire. Condamn\u00e9 pour trahison par le r\u00e9gime de Vichy au terme d\u2019un proc\u00e8s truqu\u00e9, il s\u2019\u00e9vade et rejoint Londres pour participer \u00e0 la R\u00e9sistance.<\/p>\n\n\n\n<p>Pierre MENDES FRANCE fut Pr\u00e9sident du conseil (la plus haute fonction de l\u2019\u00e9tat lors de la IV\u00e8me r\u00e9publique).<\/p>\n\n\n\n<p>Apr\u00e8s s\u2019\u00eatre oppos\u00e9 \u00e0 la politique coloniale, PMF met fin \u00e0 la guerre d\u2019Indochine.<\/p>\n<\/div>\n\n\n\n<div class=\"wp-block-column is-layout-flow wp-block-column-is-layout-flow\"><\/div>\n\n\n\n<div class=\"wp-block-column is-layout-flow wp-block-column-is-layout-flow\" style=\"flex-basis:20%\">\n<figure data-wp-context=\"{&quot;imageId&quot;:&quot;69dc1945a8f29&quot;}\" data-wp-interactive=\"core\/image\" data-wp-key=\"69dc1945a8f29\" class=\"wp-block-image size-full wp-lightbox-container\"><img loading=\"lazy\" decoding=\"async\" width=\"93\" height=\"159\" data-wp-class--hide=\"state.isContentHidden\" data-wp-class--show=\"state.isContentVisible\" data-wp-init=\"callbacks.setButtonStyles\" data-wp-on--click=\"actions.showLightbox\" data-wp-on--load=\"callbacks.setButtonStyles\" data-wp-on-window--resize=\"callbacks.setButtonStyles\" src=\"http:\/\/lespecheurspasseursduleman.fr\/wp-content\/uploads\/2025\/11\/AP-page4-doc2.jpeg\" alt=\"\" class=\"wp-image-519\"\/><button\n\t\t\tclass=\"lightbox-trigger\"\n\t\t\ttype=\"button\"\n\t\t\taria-haspopup=\"dialog\"\n\t\t\taria-label=\"Agrandir\"\n\t\t\tdata-wp-init=\"callbacks.initTriggerButton\"\n\t\t\tdata-wp-on--click=\"actions.showLightbox\"\n\t\t\tdata-wp-style--right=\"state.imageButtonRight\"\n\t\t\tdata-wp-style--top=\"state.imageButtonTop\"\n\t\t>\n\t\t\t<svg xmlns=\"http:\/\/www.w3.org\/2000\/svg\" width=\"12\" height=\"12\" fill=\"none\" viewBox=\"0 0 12 12\">\n\t\t\t\t<path fill=\"#fff\" d=\"M2 0a2 2 0 0 0-2 2v2h1.5V2a.5.5 0 0 1 .5-.5h2V0H2Zm2 10.5H2a.5.5 0 0 1-.5-.5V8H0v2a2 2 0 0 0 2 2h2v-1.5ZM8 12v-1.5h2a.5.5 0 0 0 .5-.5V8H12v2a2 2 0 0 1-2 2H8Zm2-12a2 2 0 0 1 2 2v2h-1.5V2a.5.5 0 0 0-.5-.5H8V0h2Z\" \/>\n\t\t\t<\/svg>\n\t\t<\/button><\/figure>\n<\/div>\n<\/div>\n\n\n\n<figure data-wp-context=\"{&quot;imageId&quot;:&quot;69dc1945a93cd&quot;}\" data-wp-interactive=\"core\/image\" data-wp-key=\"69dc1945a93cd\" class=\"wp-block-image size-large wp-lightbox-container\"><img loading=\"lazy\" decoding=\"async\" width=\"1024\" height=\"816\" data-wp-class--hide=\"state.isContentHidden\" data-wp-class--show=\"state.isContentVisible\" data-wp-init=\"callbacks.setButtonStyles\" data-wp-on--click=\"actions.showLightbox\" data-wp-on--load=\"callbacks.setButtonStyles\" data-wp-on-window--resize=\"callbacks.setButtonStyles\" src=\"http:\/\/lespecheurspasseursduleman.fr\/wp-content\/uploads\/2025\/10\/p5-image1-Photo-PMF-barque-Antoine-Duchene3-1024x816.jpg\" alt=\"\" class=\"wp-image-28\" srcset=\"https:\/\/lespecheurspasseursduleman.fr\/wp-content\/uploads\/2025\/10\/p5-image1-Photo-PMF-barque-Antoine-Duchene3-1024x816.jpg 1024w, https:\/\/lespecheurspasseursduleman.fr\/wp-content\/uploads\/2025\/10\/p5-image1-Photo-PMF-barque-Antoine-Duchene3-300x239.jpg 300w, https:\/\/lespecheurspasseursduleman.fr\/wp-content\/uploads\/2025\/10\/p5-image1-Photo-PMF-barque-Antoine-Duchene3-768x612.jpg 768w, https:\/\/lespecheurspasseursduleman.fr\/wp-content\/uploads\/2025\/10\/p5-image1-Photo-PMF-barque-Antoine-Duchene3.jpg 1077w\" sizes=\"auto, (max-width: 1024px) 100vw, 1024px\" \/><button\n\t\t\tclass=\"lightbox-trigger\"\n\t\t\ttype=\"button\"\n\t\t\taria-haspopup=\"dialog\"\n\t\t\taria-label=\"Agrandir\"\n\t\t\tdata-wp-init=\"callbacks.initTriggerButton\"\n\t\t\tdata-wp-on--click=\"actions.showLightbox\"\n\t\t\tdata-wp-style--right=\"state.imageButtonRight\"\n\t\t\tdata-wp-style--top=\"state.imageButtonTop\"\n\t\t>\n\t\t\t<svg xmlns=\"http:\/\/www.w3.org\/2000\/svg\" width=\"12\" height=\"12\" fill=\"none\" viewBox=\"0 0 12 12\">\n\t\t\t\t<path fill=\"#fff\" d=\"M2 0a2 2 0 0 0-2 2v2h1.5V2a.5.5 0 0 1 .5-.5h2V0H2Zm2 10.5H2a.5.5 0 0 1-.5-.5V8H0v2a2 2 0 0 0 2 2h2v-1.5ZM8 12v-1.5h2a.5.5 0 0 0 .5-.5V8H12v2a2 2 0 0 1-2 2H8Zm2-12a2 2 0 0 1 2 2v2h-1.5V2a.5.5 0 0 0-.5-.5H8V0h2Z\" \/>\n\t\t\t<\/svg>\n\t\t<\/button><\/figure>\n\n\n\n<div style=\"height:3px\" aria-hidden=\"true\" class=\"wp-block-spacer\"><\/div>\n\n\n\n<p><strong>Extrait du r\u00e9cit de Pierre MENDES FRANCE<\/strong><\/p>\n\n\n\n<p><em>\u00ab C\u2019\u00e9tait une assez grosse embarcation. Nous \u00e9tions trois \u00e0 bord&nbsp; : le patron, Louis Duch\u00e8ne, dit \u00ab Dufer \u00bb, Antoine Lugrin, dit \u00ab Lolay \u00bb et moi. Nous sommes partis sans bruits, \u00e0 la rame, pour ne pas donner l\u2019\u00e9veil. Le patron n\u2019a fait d\u00e9marrer son moteur que lorsque nous avons \u00e9t\u00e9 \u00e0 bonne distance de la c\u00f4te. Il a mis le cap sur la Suisse. Alors, seulement, j\u2019ai commenc\u00e9 \u00e0 respirer. Plus nous nous \u00e9loignions, moins&nbsp; je redoutais d\u2019\u00eatre poursuivi par les douaniers et les gendarmes fran\u00e7ais. Mais plus mes compagnons craignaient de tomber sur les douaniers et les gendarmes suisses. En somme, durant toute la travers\u00e9e, moins j\u2019avais peur, plus ils avaient peur\u2026 \u00bb<\/em><\/p>\n<\/div>\n\n\n\n<div class=\"wp-block-column is-layout-flow wp-block-column-is-layout-flow\">\n<p><strong>Article du 18-02-1978 du \u00ab\u00a0Dauphin\u00e9 Lib\u00e9r\u00e9\u00a0\u00bb<\/strong><\/p>\n\n\n\n<figure data-wp-context=\"{&quot;imageId&quot;:&quot;69dc1945a97ec&quot;}\" data-wp-interactive=\"core\/image\" data-wp-key=\"69dc1945a97ec\" class=\"wp-block-image size-large wp-lightbox-container\"><img loading=\"lazy\" decoding=\"async\" width=\"581\" height=\"1024\" data-wp-class--hide=\"state.isContentHidden\" data-wp-class--show=\"state.isContentVisible\" data-wp-init=\"callbacks.setButtonStyles\" data-wp-on--click=\"actions.showLightbox\" data-wp-on--load=\"callbacks.setButtonStyles\" data-wp-on-window--resize=\"callbacks.setButtonStyles\" src=\"http:\/\/lespecheurspasseursduleman.fr\/wp-content\/uploads\/2025\/10\/p5-image2--581x1024.jpg\" alt=\"\" class=\"wp-image-29\" srcset=\"https:\/\/lespecheurspasseursduleman.fr\/wp-content\/uploads\/2025\/10\/p5-image2--581x1024.jpg 581w, https:\/\/lespecheurspasseursduleman.fr\/wp-content\/uploads\/2025\/10\/p5-image2--170x300.jpg 170w, https:\/\/lespecheurspasseursduleman.fr\/wp-content\/uploads\/2025\/10\/p5-image2--768x1354.jpg 768w, https:\/\/lespecheurspasseursduleman.fr\/wp-content\/uploads\/2025\/10\/p5-image2--871x1536.jpg 871w, https:\/\/lespecheurspasseursduleman.fr\/wp-content\/uploads\/2025\/10\/p5-image2-.jpg 1049w\" sizes=\"auto, (max-width: 581px) 100vw, 581px\" \/><button\n\t\t\tclass=\"lightbox-trigger\"\n\t\t\ttype=\"button\"\n\t\t\taria-haspopup=\"dialog\"\n\t\t\taria-label=\"Agrandir\"\n\t\t\tdata-wp-init=\"callbacks.initTriggerButton\"\n\t\t\tdata-wp-on--click=\"actions.showLightbox\"\n\t\t\tdata-wp-style--right=\"state.imageButtonRight\"\n\t\t\tdata-wp-style--top=\"state.imageButtonTop\"\n\t\t>\n\t\t\t<svg xmlns=\"http:\/\/www.w3.org\/2000\/svg\" width=\"12\" height=\"12\" fill=\"none\" viewBox=\"0 0 12 12\">\n\t\t\t\t<path fill=\"#fff\" d=\"M2 0a2 2 0 0 0-2 2v2h1.5V2a.5.5 0 0 1 .5-.5h2V0H2Zm2 10.5H2a.5.5 0 0 1-.5-.5V8H0v2a2 2 0 0 0 2 2h2v-1.5ZM8 12v-1.5h2a.5.5 0 0 0 .5-.5V8H12v2a2 2 0 0 1-2 2H8Zm2-12a2 2 0 0 1 2 2v2h-1.5V2a.5.5 0 0 0-.5-.5H8V0h2Z\" \/>\n\t\t\t<\/svg>\n\t\t<\/button><\/figure>\n<\/div>\n<\/div>\n\n\n\n<div style=\"height:45px\" aria-hidden=\"true\" class=\"wp-block-spacer\"><\/div>\n\n\n\n<div class=\"wp-block-columns is-layout-flex wp-container-core-columns-is-layout-9d6595d7 wp-block-columns-is-layout-flex\">\n<div class=\"wp-block-column is-layout-flow wp-block-column-is-layout-flow\">\n<p><\/p>\n<\/div>\n\n\n\n<div class=\"wp-block-column is-layout-flow wp-block-column-is-layout-flow\" style=\"flex-basis:20%\">\n<figure data-wp-context=\"{&quot;imageId&quot;:&quot;69dc1945a9c61&quot;}\" data-wp-interactive=\"core\/image\" data-wp-key=\"69dc1945a9c61\" class=\"wp-block-image size-full is-resized wp-lightbox-container\"><img loading=\"lazy\" decoding=\"async\" width=\"735\" height=\"892\" data-wp-class--hide=\"state.isContentHidden\" data-wp-class--show=\"state.isContentVisible\" data-wp-init=\"callbacks.setButtonStyles\" data-wp-on--click=\"actions.showLightbox\" data-wp-on--load=\"callbacks.setButtonStyles\" data-wp-on-window--resize=\"callbacks.setButtonStyles\" src=\"http:\/\/lespecheurspasseursduleman.fr\/wp-content\/uploads\/2025\/10\/p5-image3-paquier.jpg\" alt=\"\" class=\"wp-image-26\" style=\"width:272px;height:auto\" srcset=\"https:\/\/lespecheurspasseursduleman.fr\/wp-content\/uploads\/2025\/10\/p5-image3-paquier.jpg 735w, https:\/\/lespecheurspasseursduleman.fr\/wp-content\/uploads\/2025\/10\/p5-image3-paquier-247x300.jpg 247w\" sizes=\"auto, (max-width: 735px) 100vw, 735px\" \/><button\n\t\t\tclass=\"lightbox-trigger\"\n\t\t\ttype=\"button\"\n\t\t\taria-haspopup=\"dialog\"\n\t\t\taria-label=\"Agrandir\"\n\t\t\tdata-wp-init=\"callbacks.initTriggerButton\"\n\t\t\tdata-wp-on--click=\"actions.showLightbox\"\n\t\t\tdata-wp-style--right=\"state.imageButtonRight\"\n\t\t\tdata-wp-style--top=\"state.imageButtonTop\"\n\t\t>\n\t\t\t<svg xmlns=\"http:\/\/www.w3.org\/2000\/svg\" width=\"12\" height=\"12\" fill=\"none\" viewBox=\"0 0 12 12\">\n\t\t\t\t<path fill=\"#fff\" d=\"M2 0a2 2 0 0 0-2 2v2h1.5V2a.5.5 0 0 1 .5-.5h2V0H2Zm2 10.5H2a.5.5 0 0 1-.5-.5V8H0v2a2 2 0 0 0 2 2h2v-1.5ZM8 12v-1.5h2a.5.5 0 0 0 .5-.5V8H12v2a2 2 0 0 1-2 2H8Zm2-12a2 2 0 0 1 2 2v2h-1.5V2a.5.5 0 0 0-.5-.5H8V0h2Z\" \/>\n\t\t\t<\/svg>\n\t\t<\/button><figcaption class=\"wp-element-caption\"> <strong>Louis PAQUIER<\/strong><\/figcaption><\/figure>\n<\/div>\n\n\n\n<div class=\"wp-block-column is-layout-flow wp-block-column-is-layout-flow\">\n<p>D\u00e9barqu\u00e9 sur la c\u00f4te suisse, Pierre MENDES FRANCE \u00e9tait accueilli par Louis PAQUIER, p\u00eacheur professionnel suissse ami de Louis DUCHENE et Antoine LUGRIN.<\/p>\n\n\n\n<p>PMF r\u00e9sida ensuite plusieurs mois \u00e0 Gen\u00e8ve chez des amis pour regagner&nbsp; l\u2019Angleterre, via le Portugal grace \u00e0 un r\u00e9seau d\u2019\u00e9migr\u00e9s polonais sous une fausse identit\u00e9.<\/p>\n<\/div>\n<\/div>\n\n\n\n<p>&nbsp;<\/p>\n","protected":false},"excerpt":{"rendered":"<p>Pierre MENDES-FRANCE est un des grands hommes politiques fran\u00e7ais du XX\u00e8me si\u00e8cle. Il est sous-secr\u00e9taire d\u2019\u00e9tat au Tr\u00e9sor au moment du Front populaire. Condamn\u00e9 pour &hellip; <\/p>\n","protected":false},"author":2,"featured_media":0,"parent":0,"menu_order":0,"comment_status":"closed","ping_status":"closed","template":"","meta":{"footnotes":""},"class_list":["post-209","page","type-page","status-publish","hentry"],"_links":{"self":[{"href":"https:\/\/lespecheurspasseursduleman.fr\/index.php\/wp-json\/wp\/v2\/pages\/209","targetHints":{"allow":["GET"]}}],"collection":[{"href":"https:\/\/lespecheurspasseursduleman.fr\/index.php\/wp-json\/wp\/v2\/pages"}],"about":[{"href":"https:\/\/lespecheurspasseursduleman.fr\/index.php\/wp-json\/wp\/v2\/types\/page"}],"author":[{"embeddable":true,"href":"https:\/\/lespecheurspasseursduleman.fr\/index.php\/wp-json\/wp\/v2\/users\/2"}],"replies":[{"embeddable":true,"href":"https:\/\/lespecheurspasseursduleman.fr\/index.php\/wp-json\/wp\/v2\/comments?post=209"}],"version-history":[{"count":39,"href":"https:\/\/lespecheurspasseursduleman.fr\/index.php\/wp-json\/wp\/v2\/pages\/209\/revisions"}],"predecessor-version":[{"id":702,"href":"https:\/\/lespecheurspasseursduleman.fr\/index.php\/wp-json\/wp\/v2\/pages\/209\/revisions\/702"}],"wp:attachment":[{"href":"https:\/\/lespecheurspasseursduleman.fr\/index.php\/wp-json\/wp\/v2\/media?parent=209"}],"curies":[{"name":"wp","href":"https:\/\/api.w.org\/{rel}","templated":true}]}}