{"id":207,"date":"2025-11-01T10:52:12","date_gmt":"2025-11-01T10:52:12","guid":{"rendered":"https:\/\/lespecheurspasseursduleman.fr\/?page_id=207"},"modified":"2026-02-12T15:30:03","modified_gmt":"2026-02-12T15:30:03","slug":"la-legende-noire-du-lac-et-la-falsification-de-lhistoire","status":"publish","type":"page","link":"https:\/\/lespecheurspasseursduleman.fr\/index.php\/la-legende-noire-du-lac-et-la-falsification-de-lhistoire\/","title":{"rendered":""},"content":{"rendered":"\n<p class=\"has-large-font-size\"><strong>La l\u00e9gende noire du Lac et la falsification de l&rsquo;Histoire<\/strong><\/p>\n\n\n\n<div class=\"wp-block-columns is-layout-flex wp-container-core-columns-is-layout-9d6595d7 wp-block-columns-is-layout-flex\">\n<div class=\"wp-block-column is-layout-flow wp-block-column-is-layout-flow\">\n<div class=\"wp-block-columns is-layout-flex wp-container-core-columns-is-layout-9d6595d7 wp-block-columns-is-layout-flex\">\n<div class=\"wp-block-column is-layout-flow wp-block-column-is-layout-flow\">\n<div style=\"height:180px\" aria-hidden=\"true\" class=\"wp-block-spacer\"><\/div>\n\n\n\n<p class=\"has-medium-font-size\"><strong>Quelqu\u2019un m\u2019a dit&#8230;<\/strong><\/p>\n\n\n\n<p>Qui, habitant du Chablais et de la r\u00e9gion l\u00e9manique n\u2019a pas entendu ces affirmations :<br><em>&#8211; \u00ab Oui, il y a eu des passeurs honn\u00eates, mais il y a de nombreux passages criminels ! \u00bb<\/em><br><em>&#8211; \u00ab Il y a eu des noyages de juifs au milieu pour r\u00e9cup\u00e9rer leur argent\u00bb.<\/em><br><em>&#8211; \u00ab Les passeurs doublaient les tarifs au milieu du lac \u00bb.<\/em><br><em>&#8211; \u00ab Les passeurs faisaient semblant d\u2019aller en Suisse, puis changeaient insensiblement leur direction&nbsp; pour&nbsp; d\u00e9poser les r\u00e9fugi\u00e9s en France alors que ces derniers se croyaient sauv\u00e9s en Suisse&#8230;\u00bb.<\/em><\/p>\n\n\n\n<p class=\"has-text-align-left\" style=\"font-size:17px\"><strong>De ces affirmations souvent rapport\u00e9es<\/strong><br><strong>\u00abQuelqu\u2019un m\u2019a dit \u00bb ou \u00ab On m\u2019a dit \u00bb,&nbsp; aucune n\u2019a \u00e9t\u00e9 av\u00e9r\u00e9e !<\/strong><\/p>\n\n\n\n<p>Et il a fallu le travail de recherche de Ruth FIVAZ-SILBERMANN pour faire \u00e9tat de ces passages par le lac L\u00e9man. Au terme d\u2019une enqu\u00eate de 20 ans, R.F-S n\u2019a aucun document, aucun renseignement pouvant \u00e9clairer un seul de ces passages criminels.<\/p>\n<\/div>\n\n\n\n<div class=\"wp-block-column is-layout-flow wp-block-column-is-layout-flow\">\n<p>Extrait du num\u00e9ro sp\u00e9cial&nbsp; n\u00b0226bis de Novembre 2023&nbsp;&nbsp; \u00abLe trait d\u2019Union\u00bb de l\u2019ANACR<\/p>\n\n\n\n<figure data-wp-context=\"{&quot;imageId&quot;:&quot;69dc1913bf2cc&quot;}\" data-wp-interactive=\"core\/image\" data-wp-key=\"69dc1913bf2cc\" class=\"wp-block-image size-large wp-lightbox-container\"><img loading=\"lazy\" decoding=\"async\" width=\"727\" height=\"1024\" data-wp-class--hide=\"state.isContentHidden\" data-wp-class--show=\"state.isContentVisible\" data-wp-init=\"callbacks.setButtonStyles\" data-wp-on--click=\"actions.showLightbox\" data-wp-on--load=\"callbacks.setButtonStyles\" data-wp-on-window--resize=\"callbacks.setButtonStyles\" src=\"http:\/\/lespecheurspasseursduleman.fr\/wp-content\/uploads\/2025\/11\/p4-image1-legende-noire-727x1024.jpg\" alt=\"\" class=\"wp-image-239\" srcset=\"https:\/\/lespecheurspasseursduleman.fr\/wp-content\/uploads\/2025\/11\/p4-image1-legende-noire-727x1024.jpg 727w, https:\/\/lespecheurspasseursduleman.fr\/wp-content\/uploads\/2025\/11\/p4-image1-legende-noire-213x300.jpg 213w, https:\/\/lespecheurspasseursduleman.fr\/wp-content\/uploads\/2025\/11\/p4-image1-legende-noire-768x1081.jpg 768w, https:\/\/lespecheurspasseursduleman.fr\/wp-content\/uploads\/2025\/11\/p4-image1-legende-noire-1091x1536.jpg 1091w, https:\/\/lespecheurspasseursduleman.fr\/wp-content\/uploads\/2025\/11\/p4-image1-legende-noire-1454x2048.jpg 1454w, https:\/\/lespecheurspasseursduleman.fr\/wp-content\/uploads\/2025\/11\/p4-image1-legende-noire.jpg 1654w\" sizes=\"auto, (max-width: 727px) 100vw, 727px\" \/><button\n\t\t\tclass=\"lightbox-trigger\"\n\t\t\ttype=\"button\"\n\t\t\taria-haspopup=\"dialog\"\n\t\t\taria-label=\"Agrandir\"\n\t\t\tdata-wp-init=\"callbacks.initTriggerButton\"\n\t\t\tdata-wp-on--click=\"actions.showLightbox\"\n\t\t\tdata-wp-style--right=\"state.imageButtonRight\"\n\t\t\tdata-wp-style--top=\"state.imageButtonTop\"\n\t\t>\n\t\t\t<svg xmlns=\"http:\/\/www.w3.org\/2000\/svg\" width=\"12\" height=\"12\" fill=\"none\" viewBox=\"0 0 12 12\">\n\t\t\t\t<path fill=\"#fff\" d=\"M2 0a2 2 0 0 0-2 2v2h1.5V2a.5.5 0 0 1 .5-.5h2V0H2Zm2 10.5H2a.5.5 0 0 1-.5-.5V8H0v2a2 2 0 0 0 2 2h2v-1.5ZM8 12v-1.5h2a.5.5 0 0 0 .5-.5V8H12v2a2 2 0 0 1-2 2H8Zm2-12a2 2 0 0 1 2 2v2h-1.5V2a.5.5 0 0 0-.5-.5H8V0h2Z\" \/>\n\t\t\t<\/svg>\n\t\t<\/button><\/figure>\n<\/div>\n<\/div>\n\n\n\n<div style=\"height:100px\" aria-hidden=\"true\" class=\"wp-block-spacer\"><\/div>\n\n\n\n<div class=\"wp-block-columns is-layout-flex wp-container-core-columns-is-layout-9d6595d7 wp-block-columns-is-layout-flex\">\n<div class=\"wp-block-column is-layout-flow wp-block-column-is-layout-flow\" style=\"flex-basis:33.33%\"><\/div>\n\n\n\n<div class=\"wp-block-column is-layout-flow wp-block-column-is-layout-flow\" style=\"flex-basis:66.66%\">\n<p class=\"has-medium-font-size\">&nbsp; Le pire du pire &#8230;.<\/p>\n\n\n\n<div class=\"wp-block-columns is-layout-flex wp-container-core-columns-is-layout-9d6595d7 wp-block-columns-is-layout-flex\">\n<div class=\"wp-block-column is-layout-flow wp-block-column-is-layout-flow\" style=\"flex-basis:10%\"><\/div>\n\n\n\n<div class=\"wp-block-column is-layout-flow wp-block-column-is-layout-flow\" style=\"flex-basis:66.66%\">\n<p>EXTRAIT DU FILM D\u2019ETIENNE COMAR \u00ab DJANGO \u00bb SUR LA VIE DE DJANGO REINHARDT PENDANT LA SECONDE GUERRE MONDIALE<\/p>\n\n\n\n<p>A un moment du film (minute 39\u2019), alors que Django et sa famille se sont install\u00e9s pour plusieurs mois \u00e0 Thonon avec la perspective de passer en Suisse, il est sur une terrasse avec vue sur la cote suisse. Il s\u2019adresse alors \u00e0 son ami :<\/p>\n<\/div>\n<\/div>\n<\/div>\n<\/div>\n<\/div>\n<\/div>\n\n\n\n<div class=\"wp-block-columns is-layout-flex wp-container-core-columns-is-layout-9d6595d7 wp-block-columns-is-layout-flex\">\n<div class=\"wp-block-column is-layout-flow wp-block-column-is-layout-flow\" style=\"flex-basis:33.33%\"><\/div>\n\n\n\n<div class=\"wp-block-column is-layout-flow wp-block-column-is-layout-flow\" style=\"flex-basis:66.66%\">\n<div style=\"height:52px\" aria-hidden=\"true\" class=\"wp-block-spacer\"><\/div>\n\n\n\n<p>&nbsp;&nbsp;&nbsp;&nbsp;&nbsp;&nbsp;&nbsp;&nbsp;&nbsp;&nbsp;&nbsp;&nbsp;&nbsp;&nbsp;&nbsp;&nbsp;&nbsp;&nbsp;&nbsp;&nbsp;&nbsp; Django :<br><em>\u00ab Pourquoi on passe pas par l\u00e0. En 3 coups de rames, on y est ! \u00bb<\/em><br>&nbsp;&nbsp;&nbsp;&nbsp;&nbsp;&nbsp;&nbsp;&nbsp;&nbsp;&nbsp;&nbsp;&nbsp;&nbsp;&nbsp;&nbsp;&nbsp;&nbsp;&nbsp;&nbsp;&nbsp;&nbsp; Son ami lui r\u00e9pond :<br><em>\u00ab Non ! Par le lac&nbsp; il y a beaucoup de risques. Il y a 13 km. Et les Allemands viennent de reprendre la zone aux Italiens. La c\u00f4te est tr\u00e8s surveill\u00e9e. Les passeurs ne sont pas fiables. Ils doublent les tarifs au milieu de la travers\u00e9e et si vous avez pas l\u2019argent, un bon coup de rame et ils vous balancent \u00e0 la flotte. On retrouve des noy\u00e9s tous les jours sur les galets \u00bb.<\/em><\/p>\n\n\n\n<p class=\"has-text-align-center has-medium-font-size\"><strong>ou comment falsifier l\u2019Histoire sans aucune preuve et prolonger la rumeur&#8230;<\/strong><\/p>\n<\/div>\n<\/div>\n\n\n\n<p><\/p>\n","protected":false},"excerpt":{"rendered":"<p>La l\u00e9gende noire du Lac et la falsification de l&rsquo;Histoire Quelqu\u2019un m\u2019a dit&#8230; Qui, habitant du Chablais et de la r\u00e9gion l\u00e9manique n\u2019a pas entendu &hellip; <\/p>\n","protected":false},"author":2,"featured_media":0,"parent":0,"menu_order":0,"comment_status":"closed","ping_status":"closed","template":"","meta":{"footnotes":""},"class_list":["post-207","page","type-page","status-publish","hentry"],"_links":{"self":[{"href":"https:\/\/lespecheurspasseursduleman.fr\/index.php\/wp-json\/wp\/v2\/pages\/207","targetHints":{"allow":["GET"]}}],"collection":[{"href":"https:\/\/lespecheurspasseursduleman.fr\/index.php\/wp-json\/wp\/v2\/pages"}],"about":[{"href":"https:\/\/lespecheurspasseursduleman.fr\/index.php\/wp-json\/wp\/v2\/types\/page"}],"author":[{"embeddable":true,"href":"https:\/\/lespecheurspasseursduleman.fr\/index.php\/wp-json\/wp\/v2\/users\/2"}],"replies":[{"embeddable":true,"href":"https:\/\/lespecheurspasseursduleman.fr\/index.php\/wp-json\/wp\/v2\/comments?post=207"}],"version-history":[{"count":30,"href":"https:\/\/lespecheurspasseursduleman.fr\/index.php\/wp-json\/wp\/v2\/pages\/207\/revisions"}],"predecessor-version":[{"id":742,"href":"https:\/\/lespecheurspasseursduleman.fr\/index.php\/wp-json\/wp\/v2\/pages\/207\/revisions\/742"}],"wp:attachment":[{"href":"https:\/\/lespecheurspasseursduleman.fr\/index.php\/wp-json\/wp\/v2\/media?parent=207"}],"curies":[{"name":"wp","href":"https:\/\/api.w.org\/{rel}","templated":true}]}}