{"id":141,"date":"2025-10-30T17:51:13","date_gmt":"2025-10-30T17:51:13","guid":{"rendered":"https:\/\/lespecheurspasseursduleman.fr\/?page_id=141"},"modified":"2026-02-12T16:08:02","modified_gmt":"2026-02-12T16:08:02","slug":"les-filieres-de-passage-et-larrivee-des-refugies-en-suisse","status":"publish","type":"page","link":"https:\/\/lespecheurspasseursduleman.fr\/index.php\/les-filieres-de-passage-et-larrivee-des-refugies-en-suisse\/","title":{"rendered":"Des passages parmi d&rsquo;autres.."},"content":{"rendered":"\n<div class=\"wp-block-columns is-layout-flex wp-container-core-columns-is-layout-9d6595d7 wp-block-columns-is-layout-flex\">\n<div class=\"wp-block-column is-layout-flow wp-block-column-is-layout-flow\" style=\"flex-basis:25%\">\n<p>Document des archives f\u00e9d\u00e9rales suisses <\/p>\n\n\n\n<p>PV d&rsquo;audition de Mendel KOLLENDER<\/p>\n\n\n\n<figure class=\"wp-block-image size-large\"><img loading=\"lazy\" decoding=\"async\" width=\"818\" height=\"1024\" src=\"http:\/\/lespecheurspasseursduleman.fr\/wp-content\/uploads\/2025\/10\/p3-image1-kollender1-818x1024.jpg\" alt=\"\" class=\"wp-image-22\" srcset=\"https:\/\/lespecheurspasseursduleman.fr\/wp-content\/uploads\/2025\/10\/p3-image1-kollender1-818x1024.jpg 818w, https:\/\/lespecheurspasseursduleman.fr\/wp-content\/uploads\/2025\/10\/p3-image1-kollender1-240x300.jpg 240w, https:\/\/lespecheurspasseursduleman.fr\/wp-content\/uploads\/2025\/10\/p3-image1-kollender1-768x961.jpg 768w, https:\/\/lespecheurspasseursduleman.fr\/wp-content\/uploads\/2025\/10\/p3-image1-kollender1.jpg 933w\" sizes=\"auto, (max-width: 818px) 100vw, 818px\" \/><\/figure>\n<\/div>\n\n\n\n<div class=\"wp-block-column is-layout-flow wp-block-column-is-layout-flow\" style=\"flex-basis:75%\">\n<figure class=\"wp-block-image size-large\"><img loading=\"lazy\" decoding=\"async\" width=\"1024\" height=\"719\" src=\"http:\/\/lespecheurspasseursduleman.fr\/wp-content\/uploads\/2025\/10\/p3-image2-PV-audition-Kollender-h-1024x719.jpg\" alt=\"\" class=\"wp-image-23\" srcset=\"https:\/\/lespecheurspasseursduleman.fr\/wp-content\/uploads\/2025\/10\/p3-image2-PV-audition-Kollender-h-1024x719.jpg 1024w, https:\/\/lespecheurspasseursduleman.fr\/wp-content\/uploads\/2025\/10\/p3-image2-PV-audition-Kollender-h-300x211.jpg 300w, https:\/\/lespecheurspasseursduleman.fr\/wp-content\/uploads\/2025\/10\/p3-image2-PV-audition-Kollender-h-768x539.jpg 768w, https:\/\/lespecheurspasseursduleman.fr\/wp-content\/uploads\/2025\/10\/p3-image2-PV-audition-Kollender-h-1536x1079.jpg 1536w, https:\/\/lespecheurspasseursduleman.fr\/wp-content\/uploads\/2025\/10\/p3-image2-PV-audition-Kollender-h-2048x1438.jpg 2048w, https:\/\/lespecheurspasseursduleman.fr\/wp-content\/uploads\/2025\/10\/p3-image2-PV-audition-Kollender-h-120x85.jpg 120w\" sizes=\"auto, (max-width: 1024px) 100vw, 1024px\" \/><\/figure>\n<\/div>\n<\/div>\n\n\n\n<div style=\"height:42px\" aria-hidden=\"true\" class=\"wp-block-spacer\"><\/div>\n\n\n\n<p class=\"has-large-font-size\"><\/p>\n\n\n\n<p class=\"has-medium-font-size\">Extrait du Savoyard Lib\u00e9r\u00e9<br>R\u00e9cit de Philippe VIOLLAZ<\/p>\n\n\n\n<div class=\"wp-block-columns is-layout-flex wp-container-core-columns-is-layout-9d6595d7 wp-block-columns-is-layout-flex\">\n<div class=\"wp-block-column is-layout-flow wp-block-column-is-layout-flow\" style=\"flex-basis:80%\">\n<figure data-wp-context=\"{&quot;imageId&quot;:&quot;69dc1913bddbf&quot;}\" data-wp-interactive=\"core\/image\" data-wp-key=\"69dc1913bddbf\" class=\"wp-block-image size-large wp-lightbox-container\"><img loading=\"lazy\" decoding=\"async\" width=\"1024\" height=\"521\" data-wp-class--hide=\"state.isContentHidden\" data-wp-class--show=\"state.isContentVisible\" data-wp-init=\"callbacks.setButtonStyles\" data-wp-on--click=\"actions.showLightbox\" data-wp-on--load=\"callbacks.setButtonStyles\" data-wp-on-window--resize=\"callbacks.setButtonStyles\" src=\"http:\/\/lespecheurspasseursduleman.fr\/wp-content\/uploads\/2025\/11\/AP-page5-doc1-1024x521.jpg\" alt=\"\" class=\"wp-image-520\" srcset=\"https:\/\/lespecheurspasseursduleman.fr\/wp-content\/uploads\/2025\/11\/AP-page5-doc1-1024x521.jpg 1024w, https:\/\/lespecheurspasseursduleman.fr\/wp-content\/uploads\/2025\/11\/AP-page5-doc1-300x153.jpg 300w, https:\/\/lespecheurspasseursduleman.fr\/wp-content\/uploads\/2025\/11\/AP-page5-doc1-768x391.jpg 768w, https:\/\/lespecheurspasseursduleman.fr\/wp-content\/uploads\/2025\/11\/AP-page5-doc1-1536x782.jpg 1536w, https:\/\/lespecheurspasseursduleman.fr\/wp-content\/uploads\/2025\/11\/AP-page5-doc1-2048x1042.jpg 2048w\" sizes=\"auto, (max-width: 1024px) 100vw, 1024px\" \/><button\n\t\t\tclass=\"lightbox-trigger\"\n\t\t\ttype=\"button\"\n\t\t\taria-haspopup=\"dialog\"\n\t\t\taria-label=\"Agrandir\"\n\t\t\tdata-wp-init=\"callbacks.initTriggerButton\"\n\t\t\tdata-wp-on--click=\"actions.showLightbox\"\n\t\t\tdata-wp-style--right=\"state.imageButtonRight\"\n\t\t\tdata-wp-style--top=\"state.imageButtonTop\"\n\t\t>\n\t\t\t<svg xmlns=\"http:\/\/www.w3.org\/2000\/svg\" width=\"12\" height=\"12\" fill=\"none\" viewBox=\"0 0 12 12\">\n\t\t\t\t<path fill=\"#fff\" d=\"M2 0a2 2 0 0 0-2 2v2h1.5V2a.5.5 0 0 1 .5-.5h2V0H2Zm2 10.5H2a.5.5 0 0 1-.5-.5V8H0v2a2 2 0 0 0 2 2h2v-1.5ZM8 12v-1.5h2a.5.5 0 0 0 .5-.5V8H12v2a2 2 0 0 1-2 2H8Zm2-12a2 2 0 0 1 2 2v2h-1.5V2a.5.5 0 0 0-.5-.5H8V0h2Z\" \/>\n\t\t\t<\/svg>\n\t\t<\/button><\/figure>\n<\/div>\n\n\n\n<div class=\"wp-block-column is-layout-flow wp-block-column-is-layout-flow\" style=\"flex-basis:40%\"><div class=\"wp-block-image\">\n<figure data-wp-context=\"{&quot;imageId&quot;:&quot;69dc1913be32e&quot;}\" data-wp-interactive=\"core\/image\" data-wp-key=\"69dc1913be32e\" class=\"aligncenter size-large is-resized wp-lightbox-container\"><img loading=\"lazy\" decoding=\"async\" width=\"879\" height=\"1024\" data-wp-class--hide=\"state.isContentHidden\" data-wp-class--show=\"state.isContentVisible\" data-wp-init=\"callbacks.setButtonStyles\" data-wp-on--click=\"actions.showLightbox\" data-wp-on--load=\"callbacks.setButtonStyles\" data-wp-on-window--resize=\"callbacks.setButtonStyles\" src=\"http:\/\/lespecheurspasseursduleman.fr\/wp-content\/uploads\/2025\/10\/p6-image2-viollaz-879x1024.jpg\" alt=\"\" class=\"wp-image-31\" style=\"width:192px;height:auto\" srcset=\"https:\/\/lespecheurspasseursduleman.fr\/wp-content\/uploads\/2025\/10\/p6-image2-viollaz-879x1024.jpg 879w, https:\/\/lespecheurspasseursduleman.fr\/wp-content\/uploads\/2025\/10\/p6-image2-viollaz-257x300.jpg 257w, https:\/\/lespecheurspasseursduleman.fr\/wp-content\/uploads\/2025\/10\/p6-image2-viollaz-768x895.jpg 768w, https:\/\/lespecheurspasseursduleman.fr\/wp-content\/uploads\/2025\/10\/p6-image2-viollaz.jpg 948w\" sizes=\"auto, (max-width: 879px) 100vw, 879px\" \/><button\n\t\t\tclass=\"lightbox-trigger\"\n\t\t\ttype=\"button\"\n\t\t\taria-haspopup=\"dialog\"\n\t\t\taria-label=\"Agrandir\"\n\t\t\tdata-wp-init=\"callbacks.initTriggerButton\"\n\t\t\tdata-wp-on--click=\"actions.showLightbox\"\n\t\t\tdata-wp-style--right=\"state.imageButtonRight\"\n\t\t\tdata-wp-style--top=\"state.imageButtonTop\"\n\t\t>\n\t\t\t<svg xmlns=\"http:\/\/www.w3.org\/2000\/svg\" width=\"12\" height=\"12\" fill=\"none\" viewBox=\"0 0 12 12\">\n\t\t\t\t<path fill=\"#fff\" d=\"M2 0a2 2 0 0 0-2 2v2h1.5V2a.5.5 0 0 1 .5-.5h2V0H2Zm2 10.5H2a.5.5 0 0 1-.5-.5V8H0v2a2 2 0 0 0 2 2h2v-1.5ZM8 12v-1.5h2a.5.5 0 0 0 .5-.5V8H12v2a2 2 0 0 1-2 2H8Zm2-12a2 2 0 0 1 2 2v2h-1.5V2a.5.5 0 0 0-.5-.5H8V0h2Z\" \/>\n\t\t\t<\/svg>\n\t\t<\/button><\/figure>\n<\/div>\n\n\n<p class=\"has-text-align-center\">Philippe VIOLLAZ<\/p>\n<\/div>\n<\/div>\n\n\n\n<div style=\"height:57px\" aria-hidden=\"true\" class=\"wp-block-spacer\"><\/div>\n\n\n\n<div class=\"wp-block-columns is-layout-flex wp-container-core-columns-is-layout-9d6595d7 wp-block-columns-is-layout-flex\">\n<div class=\"wp-block-column is-layout-flow wp-block-column-is-layout-flow\" style=\"flex-basis:80%\">\n<p class=\"has-medium-font-size\"><strong>Extrait de \u00ab La fuite en Suisse \u00bb de Ruth FIVAZ-SILBERMANN<\/strong><\/p>\n\n\n\n<p>Il y a aussi des p\u00eacheurs qui passent les fugitifs pour moins d\u2019argent. Un bateau appareille d\u2019\u00cavian dans la nuit du 12 au 13 septembre. A son bord, 9 fugitifs, dont six hommes de nationalit\u00e9s \u00ab d\u00e9portables \u00bb et une femme autrichienne avec ses deux filles.<\/p>\n\n\n\n<p>Trois des hommes (et peut-\u00eatre un quatri\u00e8me) viennent de s\u2019 \u00e9vader de leur GTE juste avant la rafle ; ils sont donc sans moyens, ayant \u00e9t\u00e9 intern\u00e9s parce qu\u2019ils \u00e9taient \u00ab en surnombre dans l\u2019 \u00e9conomie nationale \u00bb . Deux autres, deux fr\u00e8res roumains sont, l\u2019un jeune m\u00e9decin dipl\u00f4m\u00e9 (mais emp\u00each\u00e9 de travailler depuis 1940), l\u2019autre, \u00e9tudiant d\u00e9sargent\u00e9 et entretenu \u00ab par de la famille \u00bb.<\/p>\n\n\n\n<p>C\u2019est dire qu\u2019aucun n\u2019 est en mesure de verser des sommes comparables \u00e0 celle qu\u2019exigerait un passeur de l\u2019 acabit de \u00ab Paul \u00bb. On peut donc croire les deux fr\u00e8res lorsqu\u2019ils d\u00e9clarent avoir pay\u00e9 3.000 francs chacun ; l\u2019un des travailleurs \u00e9trangers en a pay\u00e9 1.600, les deux autres rien, car le p\u00eacheur les a pris en piti\u00e9.<\/p>\n\n\n\n<div style=\"height:44px\" aria-hidden=\"true\" class=\"wp-block-spacer\"><\/div>\n<\/div>\n\n\n\n<div class=\"wp-block-column is-layout-flow wp-block-column-is-layout-flow\"><\/div>\n<\/div>\n\n\n\n<div class=\"wp-block-columns is-layout-flex wp-container-core-columns-is-layout-9d6595d7 wp-block-columns-is-layout-flex\">\n<div class=\"wp-block-column is-layout-flow wp-block-column-is-layout-flow\" style=\"flex-basis:10%\"><\/div>\n\n\n\n<div class=\"wp-block-column is-layout-flow wp-block-column-is-layout-flow\" style=\"flex-basis:90%\">\n<p class=\"has-medium-font-size\"><strong>Passage des \u00e9poux PECCOUD du r\u00e9seau BUCKMASTER par Andr\u00e9 BECHET, p\u00eacheur \u00e0 YVOIRE<\/strong><\/p>\n\n\n\n<div class=\"wp-block-columns is-layout-flex wp-container-core-columns-is-layout-9d6595d7 wp-block-columns-is-layout-flex\">\n<div class=\"wp-block-column is-layout-flow wp-block-column-is-layout-flow\">\n<figure class=\"wp-block-image size-full is-resized is-style-rounded\"><img loading=\"lazy\" decoding=\"async\" width=\"247\" height=\"281\" src=\"https:\/\/lespecheurspasseursduleman.fr\/wp-content\/uploads\/2026\/02\/2-eleves3eme-annee-36-39-2.jpg\" alt=\"\" class=\"wp-image-752\" style=\"width:172px;height:auto\"\/><\/figure>\n<\/div>\n\n\n\n<div class=\"wp-block-column is-layout-flow wp-block-column-is-layout-flow\">\n<figure class=\"wp-block-image size-full is-resized is-style-rounded\"><img loading=\"lazy\" decoding=\"async\" width=\"350\" height=\"434\" src=\"http:\/\/lespecheurspasseursduleman.fr\/wp-content\/uploads\/2025\/10\/p6-image3-peccoud3.jpg\" alt=\"\" class=\"wp-image-32\" style=\"aspect-ratio:0.806479402961951;width:159px;height:auto\" srcset=\"https:\/\/lespecheurspasseursduleman.fr\/wp-content\/uploads\/2025\/10\/p6-image3-peccoud3.jpg 350w, https:\/\/lespecheurspasseursduleman.fr\/wp-content\/uploads\/2025\/10\/p6-image3-peccoud3-242x300.jpg 242w\" sizes=\"auto, (max-width: 350px) 100vw, 350px\" \/><\/figure>\n\n\n\n<p class=\"has-text-align-left\">Paulette Peccoud<\/p>\n<\/div>\n\n\n\n<div class=\"wp-block-column is-layout-flow wp-block-column-is-layout-flow\">\n<figure class=\"wp-block-image size-full is-resized is-style-rounded\"><img loading=\"lazy\" decoding=\"async\" width=\"430\" height=\"554\" src=\"http:\/\/lespecheurspasseursduleman.fr\/wp-content\/uploads\/2025\/10\/p6-image4-bechet1.jpg\" alt=\"\" class=\"wp-image-33\" style=\"width:149px;height:auto\" srcset=\"https:\/\/lespecheurspasseursduleman.fr\/wp-content\/uploads\/2025\/10\/p6-image4-bechet1.jpg 430w, https:\/\/lespecheurspasseursduleman.fr\/wp-content\/uploads\/2025\/10\/p6-image4-bechet1-233x300.jpg 233w\" sizes=\"auto, (max-width: 430px) 100vw, 430px\" \/><\/figure>\n<\/div>\n<\/div>\n<\/div>\n<\/div>\n\n\n\n<div style=\"height:25px\" aria-hidden=\"true\" class=\"wp-block-spacer\"><\/div>\n\n\n\n<div class=\"wp-block-columns is-layout-flex wp-container-core-columns-is-layout-9d6595d7 wp-block-columns-is-layout-flex\">\n<div class=\"wp-block-column is-layout-flow wp-block-column-is-layout-flow\" style=\"flex-basis:10%\"><\/div>\n\n\n\n<div class=\"wp-block-column is-layout-flow wp-block-column-is-layout-flow\" style=\"flex-basis:90%\">\n<p><strong>T\u00e9moignage d\u2019 Eric BECHET,&nbsp; petit-fils d\u2019Andr\u00e9 BECHET<\/strong><\/p>\n\n\n\n<p>\u00ab Le passage des \u00e9poux Peccoud \u00e0 fait l\u2019objet d\u2019un r\u00e9cit oral par mon p\u00e8re Georges.\u2002C\u2019\u00e9tait en 1943 ou 1944, il a travers\u00e9 ce couple avec sa barque et accompagn\u00e9 par un coll\u00e8gue p\u00eacheur Jules Thorens. Le lac \u00e9tait tellement agit\u00e9 \u00e0 leur retour qu\u2019il a \u00e9t\u00e9 oblig\u00e9 d\u2019accoster \u00e0 Nernier, me semble t\u2019 il.<\/p>\n\n\n\n<p>Le lendemain matin, les soldats allemands ont d\u00e9barqu\u00e9 chez mon grand-p\u00e8re car tous les soirs ils v\u00e9rifiaient que les bateaux \u00e9taient bien \u00e0 quai au port des p\u00eacheurs d\u2019Yvoire. Ils pensaient qu\u2019il faisait du trafic de tabac.<\/p>\n\n\n\n<p>Il n\u2019y a heureusement pas eu de cons\u00e9quences pour mon grand-p\u00e8re. Pour l\u2019anecdote, ils ont simplement emport\u00e9 les saucisses qui s\u00e9chaient au dessus du po\u00eale \u00e0 bois.<\/p>\n\n\n\n<p>Je sais que les \u00e9poux Peccoud sont venus \u00e0 Yvoire des ann\u00e9es plus tard mais je crois que mon grand-p\u00e8re \u00e9tait d\u00e9j\u00e0 d\u00e9c\u00e9d\u00e9 (1974). Le fils des \u00e9poux Peccoud a rencontr\u00e9 Georges \u00e0 la fin des ann\u00e9es 90, mais je n\u2019en sais pas plus \u00bb .<\/p>\n<\/div>\n<\/div>\n\n\n\n<p><\/p>\n","protected":false},"excerpt":{"rendered":"<p>Document des archives f\u00e9d\u00e9rales suisses PV d&rsquo;audition de Mendel KOLLENDER Extrait du Savoyard Lib\u00e9r\u00e9R\u00e9cit de Philippe VIOLLAZ Philippe VIOLLAZ Extrait de \u00ab La fuite en &hellip; <\/p>\n","protected":false},"author":1,"featured_media":0,"parent":0,"menu_order":0,"comment_status":"closed","ping_status":"closed","template":"","meta":{"footnotes":""},"class_list":["post-141","page","type-page","status-publish","hentry"],"_links":{"self":[{"href":"https:\/\/lespecheurspasseursduleman.fr\/index.php\/wp-json\/wp\/v2\/pages\/141","targetHints":{"allow":["GET"]}}],"collection":[{"href":"https:\/\/lespecheurspasseursduleman.fr\/index.php\/wp-json\/wp\/v2\/pages"}],"about":[{"href":"https:\/\/lespecheurspasseursduleman.fr\/index.php\/wp-json\/wp\/v2\/types\/page"}],"author":[{"embeddable":true,"href":"https:\/\/lespecheurspasseursduleman.fr\/index.php\/wp-json\/wp\/v2\/users\/1"}],"replies":[{"embeddable":true,"href":"https:\/\/lespecheurspasseursduleman.fr\/index.php\/wp-json\/wp\/v2\/comments?post=141"}],"version-history":[{"count":41,"href":"https:\/\/lespecheurspasseursduleman.fr\/index.php\/wp-json\/wp\/v2\/pages\/141\/revisions"}],"predecessor-version":[{"id":758,"href":"https:\/\/lespecheurspasseursduleman.fr\/index.php\/wp-json\/wp\/v2\/pages\/141\/revisions\/758"}],"wp:attachment":[{"href":"https:\/\/lespecheurspasseursduleman.fr\/index.php\/wp-json\/wp\/v2\/media?parent=141"}],"curies":[{"name":"wp","href":"https:\/\/api.w.org\/{rel}","templated":true}]}}