{"id":12,"date":"2025-10-29T20:19:09","date_gmt":"2025-10-29T20:19:09","guid":{"rendered":"https:\/\/lespecheurspasseursduleman.fr\/?page_id=12"},"modified":"2026-01-22T15:04:24","modified_gmt":"2026-01-22T15:04:24","slug":"les-pecheurs-du-leman-et-la-resistance","status":"publish","type":"page","link":"https:\/\/lespecheurspasseursduleman.fr\/index.php\/les-pecheurs-du-leman-et-la-resistance\/","title":{"rendered":"Les p\u00eacheurs du L\u00e9man et la R\u00e9sistance"},"content":{"rendered":"\n<div class=\"wp-block-columns is-layout-flex wp-container-core-columns-is-layout-9d6595d7 wp-block-columns-is-layout-flex\">\n<div class=\"wp-block-column is-layout-flow wp-block-column-is-layout-flow\" style=\"flex-basis:70%\">\n<p><strong>La Haute-Savoie&nbsp; pendant la Seconde Guerre mondiale<\/strong><\/p>\n\n\n\n<p>En 1940, lors de l\u2019Armistice, le d\u00e9partement est en \u00abzone&nbsp; libre \u00bb jusqu\u2019en Novembre 1942. La Haute-Savoie est alors administr\u00e9e par les autorit\u00e9s de Vichy. L\u2019arm\u00e9e italienne a ensuite occup\u00e9 le d\u00e9partement avant d\u2019\u00eatre remplac\u00e9e par l\u2019arm\u00e9e allemande de septembre 1943 \u00e0 ao\u00fbt 1944.<br>La fa\u00e7ade l\u00e9manique, seule \u00ab fen\u00eatre \u00bb ouverte de la France sur un pays neutre, la Suisse, va donc jouer un r\u00f4le strat\u00e9gique essentiel.<br>La population juive directement menac\u00e9e par la g\u00e9n\u00e9ralisation des rafles de l\u2019\u00e9t\u00e9 1942 a cherch\u00e9 les moyens d\u2019\u00e9chapper \u00e0 l\u2019internement et \u00e0 la d\u00e9portation. Des r\u00e9fugi\u00e9s de toute la France affluent \u00e0 Thonon-Les-Bains, ville-\u00e9tape avant de gagner clandestinement la Suisse en traversant le lac ou par la fronti\u00e8re terrestre.<\/p>\n<\/div>\n\n\n\n<div class=\"wp-block-column is-layout-flow wp-block-column-is-layout-flow\" style=\"flex-basis:50%\">\n<p style=\"font-size:15px\"><strong>Condamnations de passeurs de r\u00e9fugi\u00e9s<\/strong><\/p>\n\n\n<div class=\"wp-block-image\">\n<figure data-wp-context=\"{&quot;imageId&quot;:&quot;69dc190c90f8b&quot;}\" data-wp-interactive=\"core\/image\" data-wp-key=\"69dc190c90f8b\" class=\"alignleft size-large is-resized wp-lightbox-container\"><img loading=\"lazy\" decoding=\"async\" width=\"732\" height=\"1024\" data-wp-class--hide=\"state.isContentHidden\" data-wp-class--show=\"state.isContentVisible\" data-wp-init=\"callbacks.setButtonStyles\" data-wp-on--click=\"actions.showLightbox\" data-wp-on--load=\"callbacks.setButtonStyles\" data-wp-on-window--resize=\"callbacks.setButtonStyles\" src=\"http:\/\/lespecheurspasseursduleman.fr\/wp-content\/uploads\/2025\/11\/p1-image1-article-condamnation-de-passeurs-de-refugies-732x1024.jpg\" alt=\"\" class=\"wp-image-317\" style=\"width:369px;height:auto\" srcset=\"https:\/\/lespecheurspasseursduleman.fr\/wp-content\/uploads\/2025\/11\/p1-image1-article-condamnation-de-passeurs-de-refugies-732x1024.jpg 732w, https:\/\/lespecheurspasseursduleman.fr\/wp-content\/uploads\/2025\/11\/p1-image1-article-condamnation-de-passeurs-de-refugies-215x300.jpg 215w, https:\/\/lespecheurspasseursduleman.fr\/wp-content\/uploads\/2025\/11\/p1-image1-article-condamnation-de-passeurs-de-refugies-768x1074.jpg 768w, https:\/\/lespecheurspasseursduleman.fr\/wp-content\/uploads\/2025\/11\/p1-image1-article-condamnation-de-passeurs-de-refugies-1099x1536.jpg 1099w, https:\/\/lespecheurspasseursduleman.fr\/wp-content\/uploads\/2025\/11\/p1-image1-article-condamnation-de-passeurs-de-refugies-1465x2048.jpg 1465w, https:\/\/lespecheurspasseursduleman.fr\/wp-content\/uploads\/2025\/11\/p1-image1-article-condamnation-de-passeurs-de-refugies.jpg 1681w\" sizes=\"auto, (max-width: 732px) 100vw, 732px\" \/><button\n\t\t\tclass=\"lightbox-trigger\"\n\t\t\ttype=\"button\"\n\t\t\taria-haspopup=\"dialog\"\n\t\t\taria-label=\"Agrandir\"\n\t\t\tdata-wp-init=\"callbacks.initTriggerButton\"\n\t\t\tdata-wp-on--click=\"actions.showLightbox\"\n\t\t\tdata-wp-style--right=\"state.imageButtonRight\"\n\t\t\tdata-wp-style--top=\"state.imageButtonTop\"\n\t\t>\n\t\t\t<svg xmlns=\"http:\/\/www.w3.org\/2000\/svg\" width=\"12\" height=\"12\" fill=\"none\" viewBox=\"0 0 12 12\">\n\t\t\t\t<path fill=\"#fff\" d=\"M2 0a2 2 0 0 0-2 2v2h1.5V2a.5.5 0 0 1 .5-.5h2V0H2Zm2 10.5H2a.5.5 0 0 1-.5-.5V8H0v2a2 2 0 0 0 2 2h2v-1.5ZM8 12v-1.5h2a.5.5 0 0 0 .5-.5V8H12v2a2 2 0 0 1-2 2H8Zm2-12a2 2 0 0 1 2 2v2h-1.5V2a.5.5 0 0 0-.5-.5H8V0h2Z\" \/>\n\t\t\t<\/svg>\n\t\t<\/button><\/figure>\n<\/div>\n\n\n<div style=\"height:0px\" aria-hidden=\"true\" class=\"wp-block-spacer\"><\/div>\n\n\n\n<p>Extrait d\u2019un journal suisse &#8211; date inconnue<\/p>\n<\/div>\n<\/div>\n\n\n\n<div style=\"height:44px\" aria-hidden=\"true\" class=\"wp-block-spacer\"><\/div>\n\n\n\n<div class=\"wp-block-columns pading-perso has-white-background-color has-background is-layout-flex wp-container-core-columns-is-layout-9d6595d7 wp-block-columns-is-layout-flex\">\n<div class=\"wp-block-column pading-perso is-layout-flow wp-block-column-is-layout-flow\">\n<p><\/p>\n\n\n\n<p class=\"has-large-font-size\"><strong>Une adh\u00e9sion g\u00e9n\u00e9ralis\u00e9e&nbsp; \u00e0&nbsp; la cause de la R\u00e9sistance<\/strong><\/p>\n\n\n\n<p>Ce sont les p\u00eacheurs professionnels qui \u00e9taient le plus \u00e0 m\u00eame d\u2019effectuer ces travers\u00e9es, de par leur connaissance du lac et la possession d\u2019une barque.<\/p>\n\n\n\n<p>Les p\u00eacheurs professionnels du L\u00e9man ont adh\u00e9r\u00e9 d\u00e8s le d\u00e9but du si\u00e8cle pass\u00e9 aux th\u00e8ses progressistes de la gauche. Certains d\u2019entre eux ont adh\u00e9r\u00e9 au parti communiste fran\u00e7ais ou en sont des sympathisants.<\/p>\n\n\n\n<p>Quand la guerre survint, c\u2019est l\u2019ensemble de cette profession qui de fa\u00e7on directe ou indirecte a apport\u00e9 un soutien important \u00e0 la R\u00e9sistance.<\/p>\n\n\n\n<p>Cette r\u00e9sistance a consist\u00e9 en des actes de solidarit\u00e9 et de sauvetage de juifs ou de r\u00e9sistants \u00e0 la recherche d\u2019asile. Les initiatives pouvaient \u00eatre individuelles ou collectives (en lien avec la r\u00e9sistance ou avec des r\u00e9seaux de passeurs).<\/p>\n\n\n\n<p>Beaucoup d\u2019actes ont \u00e9t\u00e9 d\u00e9montr\u00e9s&nbsp; par l\u2019existence de reportages (en particulier pour le passage de Pierre MENDES FRANCE ) ou d\u2019articles de journaux : voir ci-dessus un extrait d\u2019un journal suisse faisant \u00e9tat de condamnations de passeurs, pour la plupart p\u00eacheurs.<\/p>\n\n\n\n<p>Si les passages qui ont fait l\u2019objet d\u2019arrestation attestent&nbsp; de l\u2019identit\u00e9 de p\u00eacheurs-passeurs, de nombreux passages se sont faits sans arrestation et l\u2019identit\u00e9 des p\u00eacheurs-passeurs n\u2019a donc pas pu \u00eatre r\u00e9pertori\u00e9e.<\/p>\n\n\n\n<p>L\u2019association \u00ab Les Sauveteurs de l\u2019ombre \u00bb cr\u00e9\u00e9e en 2010 a r\u00e9pertori\u00e9 plus de 230 personnes pour \u00ab honorer celles et ceux qui par leur action courageuse et humanitaire de r\u00e9sistance ont contribu\u00e9 \u00e0 sauver l\u2019honneur de la France tomb\u00e9e entre les mains de la barbarie nazie, en aidant des juifs pers\u00e9cut\u00e9s \u00bb . Parmi les 230 personnes recens\u00e9es, 9 sont des p\u00eacheurs professionnels : Michel CARRAUD, Louis DUCHENE, Antoine LUGRIN, Jean-Louis SERVOZ, Paul SERVOZ, Raymond SERVOZ, Eug\u00e8ne VESIN, L\u00e9on VIOLLAZ et Philippe VIOLLAZ. Il faudrait ajouter Marcel GRATIEN, p\u00eacheur \u00e0 Anthy qui fut d\u00e9clar\u00e9 \u00ab Juste parmi les Nations \u00bb pour avoir avec sa m\u00e8re et son \u00e9pouse h\u00e9berg\u00e9 toute une famille juive pendant plusieurs mois.<\/p>\n<\/div>\n<\/div>\n\n\n\n<div class=\"wp-block-columns pading-top-perso pading-bottom-perso1 is-layout-flex wp-container-core-columns-is-layout-9d6595d7 wp-block-columns-is-layout-flex\">\n<div class=\"wp-block-column is-layout-flow wp-block-column-is-layout-flow\" style=\"flex-basis:25%\">\n<p class=\"has-text-align-center\"><strong>Parmi les 11 d\u00e9sign\u00e9s,<\/strong><br><strong> 8 sont p\u00eacheurs<\/strong><\/p>\n\n\n\n<figure data-wp-context=\"{&quot;imageId&quot;:&quot;69dc190c91802&quot;}\" data-wp-interactive=\"core\/image\" data-wp-key=\"69dc190c91802\" class=\"wp-block-image size-large is-resized wp-lightbox-container\"><img loading=\"lazy\" decoding=\"async\" width=\"1024\" height=\"712\" data-wp-class--hide=\"state.isContentHidden\" data-wp-class--show=\"state.isContentVisible\" data-wp-init=\"callbacks.setButtonStyles\" data-wp-on--click=\"actions.showLightbox\" data-wp-on--load=\"callbacks.setButtonStyles\" data-wp-on-window--resize=\"callbacks.setButtonStyles\" src=\"http:\/\/lespecheurspasseursduleman.fr\/wp-content\/uploads\/2025\/10\/p1-image3-vesin-eugene-1024x712.jpg\" alt=\"\" class=\"wp-image-16\" style=\"aspect-ratio:1.4382551164680462;width:188px;height:auto\" srcset=\"https:\/\/lespecheurspasseursduleman.fr\/wp-content\/uploads\/2025\/10\/p1-image3-vesin-eugene-1024x712.jpg 1024w, https:\/\/lespecheurspasseursduleman.fr\/wp-content\/uploads\/2025\/10\/p1-image3-vesin-eugene-300x209.jpg 300w, https:\/\/lespecheurspasseursduleman.fr\/wp-content\/uploads\/2025\/10\/p1-image3-vesin-eugene-768x534.jpg 768w, https:\/\/lespecheurspasseursduleman.fr\/wp-content\/uploads\/2025\/10\/p1-image3-vesin-eugene-1536x1068.jpg 1536w, https:\/\/lespecheurspasseursduleman.fr\/wp-content\/uploads\/2025\/10\/p1-image3-vesin-eugene-2048x1425.jpg 2048w\" sizes=\"auto, (max-width: 1024px) 100vw, 1024px\" \/><button\n\t\t\tclass=\"lightbox-trigger\"\n\t\t\ttype=\"button\"\n\t\t\taria-haspopup=\"dialog\"\n\t\t\taria-label=\"Agrandir\"\n\t\t\tdata-wp-init=\"callbacks.initTriggerButton\"\n\t\t\tdata-wp-on--click=\"actions.showLightbox\"\n\t\t\tdata-wp-style--right=\"state.imageButtonRight\"\n\t\t\tdata-wp-style--top=\"state.imageButtonTop\"\n\t\t>\n\t\t\t<svg xmlns=\"http:\/\/www.w3.org\/2000\/svg\" width=\"12\" height=\"12\" fill=\"none\" viewBox=\"0 0 12 12\">\n\t\t\t\t<path fill=\"#fff\" d=\"M2 0a2 2 0 0 0-2 2v2h1.5V2a.5.5 0 0 1 .5-.5h2V0H2Zm2 10.5H2a.5.5 0 0 1-.5-.5V8H0v2a2 2 0 0 0 2 2h2v-1.5ZM8 12v-1.5h2a.5.5 0 0 0 .5-.5V8H12v2a2 2 0 0 1-2 2H8Zm2-12a2 2 0 0 1 2 2v2h-1.5V2a.5.5 0 0 0-.5-.5H8V0h2Z\" \/>\n\t\t\t<\/svg>\n\t\t<\/button><\/figure>\n<\/div>\n\n\n\n<div class=\"wp-block-column pading-perso pading-bottom-perso1 has-background is-layout-flow wp-block-column-is-layout-flow\" style=\"background-color:#ededee;flex-basis:85%\">\n<p>Des p\u00eacheurs, reconnus pour avoir accueilli et sauv\u00e9 des familles juives et des r\u00e9sistants recherch\u00e9s par la Gestapo, leur ont fait traverser le Lac \u00e0 la demande de hauts responsables de la R\u00e9sistance agissant par le biais d\u2019interm\u00e9diaires, le cloisonnement, pour emp\u00eacher les arrestations, \u00e9tant une r\u00e8gle d\u2019or.<\/p>\n\n\n\n<p>Certains p\u00eacheurs, comme les fr\u00e8res Servoz (Lugrin) et Viollaz (Meillerie)entre-autres, se sont engag\u00e9s dans la R\u00e9sistance d\u00e8s 1942, accomplissant des sabotages, participant par exemple au maquis de la Catte (au-dessus de Meillerie), approvisionnant les r\u00e9fractaires du STO, am\u00e9nageant des abris sous terre en pleine for\u00eat pour cacher les maquisards, effectuant des services d\u2019agent-de-liaison pr\u00e9cieux pour le camp F.T.P. (Francs Tireurs et Partisans) \u00ab Mont-Blanc \u00bb de Bernex (1943).<\/p>\n\n\n\n<div class=\"wp-block-columns is-layout-flex wp-container-core-columns-is-layout-9d6595d7 wp-block-columns-is-layout-flex\">\n<div class=\"wp-block-column is-layout-flow wp-block-column-is-layout-flow\" style=\"flex-basis:50%\">\n<p class=\"pading-perso\">En 1944, des p\u00eacheurs ont m\u00eame rejoint des maquis et combattu, \u00e0 l\u2019exemple de Raymond Servoz qui a&nbsp; particip\u00e9 \u00e0 la Lib\u00e9ration d\u2019Evian et de Thonon, comme l\u2019a attest\u00e9 le chef de l\u2019A.S. (Arm\u00e9e Secr\u00e8te), secteur de Thonon , Joseph Diot.<\/p>\n\n\n\n<div style=\"height:41px\" aria-hidden=\"true\" class=\"wp-block-spacer\"><\/div>\n\n\n\n<p class=\"has-text-align-center\"><strong>Les fr\u00e8res <\/strong><br><strong>Raymond et Jean-Louis SERVOZ<\/strong><\/p>\n<\/div>\n\n\n\n<div class=\"wp-block-column pading-perso is-layout-flow wp-block-column-is-layout-flow\" style=\"flex-basis:50%\">\n<figure data-wp-context=\"{&quot;imageId&quot;:&quot;69dc190c91d2f&quot;}\" data-wp-interactive=\"core\/image\" data-wp-key=\"69dc190c91d2f\" class=\"wp-block-image size-full wp-lightbox-container\"><img loading=\"lazy\" decoding=\"async\" width=\"501\" height=\"335\" data-wp-class--hide=\"state.isContentHidden\" data-wp-class--show=\"state.isContentVisible\" data-wp-init=\"callbacks.setButtonStyles\" data-wp-on--click=\"actions.showLightbox\" data-wp-on--load=\"callbacks.setButtonStyles\" data-wp-on-window--resize=\"callbacks.setButtonStyles\" src=\"http:\/\/lespecheurspasseursduleman.fr\/wp-content\/uploads\/2025\/10\/p1-image2-servoz-photo3.jpg\" alt=\"\" class=\"wp-image-15\" srcset=\"https:\/\/lespecheurspasseursduleman.fr\/wp-content\/uploads\/2025\/10\/p1-image2-servoz-photo3.jpg 501w, https:\/\/lespecheurspasseursduleman.fr\/wp-content\/uploads\/2025\/10\/p1-image2-servoz-photo3-300x201.jpg 300w\" sizes=\"auto, (max-width: 501px) 100vw, 501px\" \/><button\n\t\t\tclass=\"lightbox-trigger\"\n\t\t\ttype=\"button\"\n\t\t\taria-haspopup=\"dialog\"\n\t\t\taria-label=\"Agrandir\"\n\t\t\tdata-wp-init=\"callbacks.initTriggerButton\"\n\t\t\tdata-wp-on--click=\"actions.showLightbox\"\n\t\t\tdata-wp-style--right=\"state.imageButtonRight\"\n\t\t\tdata-wp-style--top=\"state.imageButtonTop\"\n\t\t>\n\t\t\t<svg xmlns=\"http:\/\/www.w3.org\/2000\/svg\" width=\"12\" height=\"12\" fill=\"none\" viewBox=\"0 0 12 12\">\n\t\t\t\t<path fill=\"#fff\" d=\"M2 0a2 2 0 0 0-2 2v2h1.5V2a.5.5 0 0 1 .5-.5h2V0H2Zm2 10.5H2a.5.5 0 0 1-.5-.5V8H0v2a2 2 0 0 0 2 2h2v-1.5ZM8 12v-1.5h2a.5.5 0 0 0 .5-.5V8H12v2a2 2 0 0 1-2 2H8Zm2-12a2 2 0 0 1 2 2v2h-1.5V2a.5.5 0 0 0-.5-.5H8V0h2Z\" \/>\n\t\t\t<\/svg>\n\t\t<\/button><\/figure>\n<\/div>\n<\/div>\n\n\n\n<p class=\"has-text-align-right pading-perso\"><em>Extrait du livre de Jean VITTOZ&nbsp;: sur la grand\u2019route de ma vie<\/em><\/p>\n\n\n\n<p><\/p>\n<\/div>\n\n\n\n<div class=\"wp-block-column is-layout-flow wp-block-column-is-layout-flow\"><\/div>\n<\/div>\n\n\n\n<div class=\"wp-block-columns is-layout-flex wp-container-core-columns-is-layout-9d6595d7 wp-block-columns-is-layout-flex\">\n<div class=\"wp-block-column is-layout-flow wp-block-column-is-layout-flow\" style=\"flex-basis:20%\">\n<figure data-wp-context=\"{&quot;imageId&quot;:&quot;69dc190c92343&quot;}\" data-wp-interactive=\"core\/image\" data-wp-key=\"69dc190c92343\" class=\"wp-block-image size-full is-resized wp-lightbox-container\"><img loading=\"lazy\" decoding=\"async\" width=\"768\" height=\"929\" data-wp-class--hide=\"state.isContentHidden\" data-wp-class--show=\"state.isContentVisible\" data-wp-init=\"callbacks.setButtonStyles\" data-wp-on--click=\"actions.showLightbox\" data-wp-on--load=\"callbacks.setButtonStyles\" data-wp-on-window--resize=\"callbacks.setButtonStyles\" src=\"http:\/\/lespecheurspasseursduleman.fr\/wp-content\/uploads\/2025\/10\/p1-image4-panphon.jpg\" alt=\"\" class=\"wp-image-17\" style=\"aspect-ratio:0.8267026298044504;width:132px;height:auto\" srcset=\"https:\/\/lespecheurspasseursduleman.fr\/wp-content\/uploads\/2025\/10\/p1-image4-panphon.jpg 768w, https:\/\/lespecheurspasseursduleman.fr\/wp-content\/uploads\/2025\/10\/p1-image4-panphon-248x300.jpg 248w\" sizes=\"auto, (max-width: 768px) 100vw, 768px\" \/><button\n\t\t\tclass=\"lightbox-trigger\"\n\t\t\ttype=\"button\"\n\t\t\taria-haspopup=\"dialog\"\n\t\t\taria-label=\"Agrandir\"\n\t\t\tdata-wp-init=\"callbacks.initTriggerButton\"\n\t\t\tdata-wp-on--click=\"actions.showLightbox\"\n\t\t\tdata-wp-style--right=\"state.imageButtonRight\"\n\t\t\tdata-wp-style--top=\"state.imageButtonTop\"\n\t\t>\n\t\t\t<svg xmlns=\"http:\/\/www.w3.org\/2000\/svg\" width=\"12\" height=\"12\" fill=\"none\" viewBox=\"0 0 12 12\">\n\t\t\t\t<path fill=\"#fff\" d=\"M2 0a2 2 0 0 0-2 2v2h1.5V2a.5.5 0 0 1 .5-.5h2V0H2Zm2 10.5H2a.5.5 0 0 1-.5-.5V8H0v2a2 2 0 0 0 2 2h2v-1.5ZM8 12v-1.5h2a.5.5 0 0 0 .5-.5V8H12v2a2 2 0 0 1-2 2H8Zm2-12a2 2 0 0 1 2 2v2h-1.5V2a.5.5 0 0 0-.5-.5H8V0h2Z\" \/>\n\t\t\t<\/svg>\n\t\t<\/button><\/figure>\n\n\n\n<p class=\"has-text-align-center legende-perso\" style=\"font-size:16px\"><strong>Michel RUFFIN<\/strong><\/p>\n\n\n\n<figure data-wp-context=\"{&quot;imageId&quot;:&quot;69dc190c9285a&quot;}\" data-wp-interactive=\"core\/image\" data-wp-key=\"69dc190c9285a\" class=\"wp-block-image size-full is-resized wp-lightbox-container\"><img loading=\"lazy\" decoding=\"async\" width=\"264\" height=\"312\" data-wp-class--hide=\"state.isContentHidden\" data-wp-class--show=\"state.isContentVisible\" data-wp-init=\"callbacks.setButtonStyles\" data-wp-on--click=\"actions.showLightbox\" data-wp-on--load=\"callbacks.setButtonStyles\" data-wp-on-window--resize=\"callbacks.setButtonStyles\" src=\"http:\/\/lespecheurspasseursduleman.fr\/wp-content\/uploads\/2025\/10\/p1-image5-auguste1.jpg\" alt=\"\" class=\"wp-image-18\" style=\"aspect-ratio:0.8461503221367023;object-fit:contain;width:136px;height:auto\" title=\"\" srcset=\"https:\/\/lespecheurspasseursduleman.fr\/wp-content\/uploads\/2025\/10\/p1-image5-auguste1.jpg 264w, https:\/\/lespecheurspasseursduleman.fr\/wp-content\/uploads\/2025\/10\/p1-image5-auguste1-254x300.jpg 254w\" sizes=\"auto, (max-width: 264px) 100vw, 264px\" \/><button\n\t\t\tclass=\"lightbox-trigger\"\n\t\t\ttype=\"button\"\n\t\t\taria-haspopup=\"dialog\"\n\t\t\taria-label=\"Agrandir\"\n\t\t\tdata-wp-init=\"callbacks.initTriggerButton\"\n\t\t\tdata-wp-on--click=\"actions.showLightbox\"\n\t\t\tdata-wp-style--right=\"state.imageButtonRight\"\n\t\t\tdata-wp-style--top=\"state.imageButtonTop\"\n\t\t>\n\t\t\t<svg xmlns=\"http:\/\/www.w3.org\/2000\/svg\" width=\"12\" height=\"12\" fill=\"none\" viewBox=\"0 0 12 12\">\n\t\t\t\t<path fill=\"#fff\" d=\"M2 0a2 2 0 0 0-2 2v2h1.5V2a.5.5 0 0 1 .5-.5h2V0H2Zm2 10.5H2a.5.5 0 0 1-.5-.5V8H0v2a2 2 0 0 0 2 2h2v-1.5ZM8 12v-1.5h2a.5.5 0 0 0 .5-.5V8H12v2a2 2 0 0 1-2 2H8Zm2-12a2 2 0 0 1 2 2v2h-1.5V2a.5.5 0 0 0-.5-.5H8V0h2Z\" \/>\n\t\t\t<\/svg>\n\t\t<\/button><\/figure>\n\n\n\n<p class=\"has-text-align-center\" style=\"font-size:16px\"><strong>Auguste LUGRIN<\/strong><\/p>\n<\/div>\n\n\n\n<div class=\"wp-block-column pading-perso has-white-background-color has-background is-layout-flow wp-block-column-is-layout-flow\" style=\"flex-basis:66.66%\">\n<p>\u00ab Pour nous, c\u2019\u00e9tait la possibilit\u00e9 de recevoir des \u00e9missaires des pays alli\u00e9s, d\u2019\u00e9changer des informations, de mettre \u00e0 l\u2019abri en Suisse certains de nos agents pourchass\u00e9s. Puis, pour procurer de l\u2019armement, des explosifs n\u00e9cessaires \u00e0 notre combat.<\/p>\n\n\n\n<p>Il fallait trouver des p\u00eacheurs professionnels. Notre choix se porta sur RUFFIN dit \u00ab Panphon \u00bb&nbsp; et LUGRIN dit \u00ab Pousse-en-nant \u00bb .<\/p>\n\n\n\n<p>Les p\u00eacheurs du lac, sont, dans leur ensemble, attach\u00e9s aux fortes id\u00e9es d\u2019ind\u00e9pendance et de libert\u00e9. Tous, \u00e0 des titres divers, ont droit \u00e0 ce trop bref \u00e9loge, car, complices ou t\u00e9moins de nos actions, ils en assuraient la s\u00e9curit\u00e9 totale et la pleine r\u00e9ussite. Jamais, on a enregistr\u00e9 un seul coup manqu\u00e9, et jamais, aucun n\u2019a r\u00e9pondu \u00e0 nos demandes \u00abImpossible\u00bb. Pourtant, les risques \u00e9taient \u00e9normes : il y avait les douanes fran\u00e7aise et suisse, les polices, les nazis, la milice.<\/p>\n\n\n\n<p>Gr\u00e2ce \u00e0 leur bravoure, \u00e0 leur courage, les p\u00eacheurs du L\u00e9man ont \u00e9t\u00e9 un maillon important et efficace de la longue chaine de solidarit\u00e9 et de lutte qui devait nous faire parvenir \u00e0 la victoire \u00bb .<\/p>\n<\/div>\n<\/div>\n\n\n\n<p><\/p>\n\n\n\n<div class=\"wp-block-columns is-layout-flex wp-container-core-columns-is-layout-9d6595d7 wp-block-columns-is-layout-flex\">\n<div class=\"wp-block-column is-layout-flow wp-block-column-is-layout-flow\">\n<figure data-wp-context=\"{&quot;imageId&quot;:&quot;69dc190c92f2a&quot;}\" data-wp-interactive=\"core\/image\" data-wp-key=\"69dc190c92f2a\" class=\"wp-block-image size-large wp-lightbox-container\"><img loading=\"lazy\" decoding=\"async\" width=\"1024\" height=\"896\" data-wp-class--hide=\"state.isContentHidden\" data-wp-class--show=\"state.isContentVisible\" data-wp-init=\"callbacks.setButtonStyles\" data-wp-on--click=\"actions.showLightbox\" data-wp-on--load=\"callbacks.setButtonStyles\" data-wp-on-window--resize=\"callbacks.setButtonStyles\" src=\"http:\/\/lespecheurspasseursduleman.fr\/wp-content\/uploads\/2025\/10\/p1-image6-e1761836888838-1024x896.jpg\" alt=\"\" class=\"wp-image-19\" srcset=\"https:\/\/lespecheurspasseursduleman.fr\/wp-content\/uploads\/2025\/10\/p1-image6-e1761836888838-1024x896.jpg 1024w, https:\/\/lespecheurspasseursduleman.fr\/wp-content\/uploads\/2025\/10\/p1-image6-e1761836888838-300x262.jpg 300w, https:\/\/lespecheurspasseursduleman.fr\/wp-content\/uploads\/2025\/10\/p1-image6-e1761836888838-768x672.jpg 768w, https:\/\/lespecheurspasseursduleman.fr\/wp-content\/uploads\/2025\/10\/p1-image6-e1761836888838.jpg 1038w\" sizes=\"auto, (max-width: 1024px) 100vw, 1024px\" \/><button\n\t\t\tclass=\"lightbox-trigger\"\n\t\t\ttype=\"button\"\n\t\t\taria-haspopup=\"dialog\"\n\t\t\taria-label=\"Agrandir\"\n\t\t\tdata-wp-init=\"callbacks.initTriggerButton\"\n\t\t\tdata-wp-on--click=\"actions.showLightbox\"\n\t\t\tdata-wp-style--right=\"state.imageButtonRight\"\n\t\t\tdata-wp-style--top=\"state.imageButtonTop\"\n\t\t>\n\t\t\t<svg xmlns=\"http:\/\/www.w3.org\/2000\/svg\" width=\"12\" height=\"12\" fill=\"none\" viewBox=\"0 0 12 12\">\n\t\t\t\t<path fill=\"#fff\" d=\"M2 0a2 2 0 0 0-2 2v2h1.5V2a.5.5 0 0 1 .5-.5h2V0H2Zm2 10.5H2a.5.5 0 0 1-.5-.5V8H0v2a2 2 0 0 0 2 2h2v-1.5ZM8 12v-1.5h2a.5.5 0 0 0 .5-.5V8H12v2a2 2 0 0 1-2 2H8Zm2-12a2 2 0 0 1 2 2v2h-1.5V2a.5.5 0 0 0-.5-.5H8V0h2Z\" \/>\n\t\t\t<\/svg>\n\t\t<\/button><\/figure>\n<\/div>\n\n\n\n<div class=\"wp-block-column is-layout-flow wp-block-column-is-layout-flow\">\n<p><\/p>\n\n\n\n<p><em>Cet \u2026tout naturellement \u00e0 se \u2026\u2026\u2026\u2026\u2026\u2026\u2026 .<\/em><\/p>\n\n\n\n<p><em>Aux heures les plus (sombres de notre histoire), nulle compro\u00admission, nulle d\u00e9lation, nulle trahison, au sein de cette corporation, qui participa activement \u00e0 la lib\u00e9ration du pays. Sans doute est-ce l\u00e0 un fait unique ! Aucun d\u2019entre eux ne versa dans la collaboration, fFut-elle passive !<\/em><\/p>\n<\/div>\n<\/div>\n\n\n\n<p><\/p>\n","protected":false},"excerpt":{"rendered":"<p>La Haute-Savoie&nbsp; pendant la Seconde Guerre mondiale En 1940, lors de l\u2019Armistice, le d\u00e9partement est en \u00abzone&nbsp; libre \u00bb jusqu\u2019en Novembre 1942. La Haute-Savoie est &hellip; <\/p>\n","protected":false},"author":1,"featured_media":0,"parent":0,"menu_order":0,"comment_status":"closed","ping_status":"closed","template":"","meta":{"footnotes":""},"class_list":["post-12","page","type-page","status-publish","hentry"],"_links":{"self":[{"href":"https:\/\/lespecheurspasseursduleman.fr\/index.php\/wp-json\/wp\/v2\/pages\/12","targetHints":{"allow":["GET"]}}],"collection":[{"href":"https:\/\/lespecheurspasseursduleman.fr\/index.php\/wp-json\/wp\/v2\/pages"}],"about":[{"href":"https:\/\/lespecheurspasseursduleman.fr\/index.php\/wp-json\/wp\/v2\/types\/page"}],"author":[{"embeddable":true,"href":"https:\/\/lespecheurspasseursduleman.fr\/index.php\/wp-json\/wp\/v2\/users\/1"}],"replies":[{"embeddable":true,"href":"https:\/\/lespecheurspasseursduleman.fr\/index.php\/wp-json\/wp\/v2\/comments?post=12"}],"version-history":[{"count":50,"href":"https:\/\/lespecheurspasseursduleman.fr\/index.php\/wp-json\/wp\/v2\/pages\/12\/revisions"}],"predecessor-version":[{"id":709,"href":"https:\/\/lespecheurspasseursduleman.fr\/index.php\/wp-json\/wp\/v2\/pages\/12\/revisions\/709"}],"wp:attachment":[{"href":"https:\/\/lespecheurspasseursduleman.fr\/index.php\/wp-json\/wp\/v2\/media?parent=12"}],"curies":[{"name":"wp","href":"https:\/\/api.w.org\/{rel}","templated":true}]}}